{"id":1402,"date":"2014-09-25T11:51:39","date_gmt":"2014-09-25T11:51:39","guid":{"rendered":"https:\/\/www.askurochembla.ax\/?page_id=1402"},"modified":"2022-05-12T12:17:14","modified_gmt":"2022-05-12T12:17:14","slug":"varfor-ekologiskt-till-ditt-barn","status":"publish","type":"page","link":"https:\/\/www.askurochembla.ax\/?page_id=1402","title":{"rendered":"Varf\u00f6r ekologiskt till ditt barn?"},"content":{"rendered":"<h3><span style=\"color: #99cc00;\">Nappar, badleksaker och bitringar i naturgummi<\/span><\/h3>\n<p>Barnen \u00e4r de som \u00e4r mest utsatta f\u00f6r kemikalieexponering i v\u00e5r omgivning. Inte bara f\u00f6r att deras hormonsystem \u00e4nnu \u00e4r under utveckling och de s\u00e5ledes \u00e4r mer k\u00e4nsliga f\u00f6r hormonst\u00f6rare, utan ocks\u00e5 f\u00f6r att de minsta barnen tenderar att stoppa allt i munnen- det \u00e4r s\u00e5 de uppt\u00e4cker v\u00e4rlden. Bland det v\u00e4rsta de kan s\u00e4tta i munnen \u00e4r plast. Bisfenol-A (BPA) som \u00e4r en hormonst\u00f6rare \u00e4r f\u00f6rbjudet i barnmatsburkar men inte i andra barnprodukter \u00e4nnu.<\/p>\n<p>Askur &amp; Embla har valt att s\u00e4lja Hevea Baby naturgumminappar och bitleksaker f\u00f6r att det \u00e4r ett naturligt och giftfritt alternativ till plast. Naturgummi kommer fr\u00e5n gummitr\u00e4det, Hevea Brasiliensis, och tappas i Malaysia.<\/p>\n<p>Vad g\u00e4ller badankor \u00e4r de flesta gjorda av en gul polyvinyl klorid eller BPA-fylld plast, och har h\u00e5l i botten. Detta m\u00f6jligg\u00f6r vatten och smuts kommer in i badleksaken, vilket med tiden m\u00f6jligg\u00f6r f\u00f6r m\u00f6gel och bakterier som e-coli att utvecklas. Med en badleksak ur naturgummi utan h\u00e5l slipper du allt detta!<\/p>\n<p>Heveas produkter klarar EU-standarden EN1400.<\/p>\n<p>Du g\u00f6r dessutom en klimatg\u00e4rning d\u00e5 du v\u00e4ljer naturgummi ist\u00e4llet f\u00f6r produkter gjorda p\u00e5 fossil olja!<\/p>\n<p>\u00c4nnu en sak vi gillar med Heveas produkter \u00e4r att de naturligtvis \u00e4r biologiskt nedbrytbara, men Hevea \u00e5tervinner dessutom de f\u00f6rbrukade napparna och g\u00f6r dem till nya leksaker! S\u00e5 efter att ditt barn har anv\u00e4nt sin napp f\u00f6r sista g\u00e5ngen kan du ta kontakt med oss p\u00e5 Askur &amp; Embla s\u00e5 skickar vi in den tillsammans med andra nappar till Hevea!<\/p>\n<p>L\u00e4s mer p\u00e5 http:\/\/heveababy.com\/en\/!<\/p>\n","protected":false},"excerpt":{"rendered":"<p>Nappar, badleksaker och bitringar i naturgummi Barnen \u00e4r de som \u00e4r mest utsatta f\u00f6r kemikalieexponering i v\u00e5r omgivning. Inte bara f\u00f6r att deras hormonsystem \u00e4nnu \u00e4r under utveckling och de s\u00e5ledes \u00e4r mer k\u00e4nsliga f\u00f6r hormonst\u00f6rare, utan ocks\u00e5 f\u00f6r att de minsta barnen tenderar att stoppa allt i munnen- det \u00e4r s\u00e5 de uppt\u00e4cker v\u00e4rlden. [&hellip;]<\/p>\n","protected":false},"author":1,"featured_media":0,"parent":0,"menu_order":0,"comment_status":"closed","ping_status":"closed","template":"","meta":{"footnotes":""},"class_list":["post-1402","page","type-page","status-publish","hentry"],"_links":{"self":[{"href":"https:\/\/www.askurochembla.ax\/index.php?rest_route=\/wp\/v2\/pages\/1402","targetHints":{"allow":["GET"]}}],"collection":[{"href":"https:\/\/www.askurochembla.ax\/index.php?rest_route=\/wp\/v2\/pages"}],"about":[{"href":"https:\/\/www.askurochembla.ax\/index.php?rest_route=\/wp\/v2\/types\/page"}],"author":[{"embeddable":true,"href":"https:\/\/www.askurochembla.ax\/index.php?rest_route=\/wp\/v2\/users\/1"}],"replies":[{"embeddable":true,"href":"https:\/\/www.askurochembla.ax\/index.php?rest_route=%2Fwp%2Fv2%2Fcomments&post=1402"}],"version-history":[{"count":3,"href":"https:\/\/www.askurochembla.ax\/index.php?rest_route=\/wp\/v2\/pages\/1402\/revisions"}],"predecessor-version":[{"id":1406,"href":"https:\/\/www.askurochembla.ax\/index.php?rest_route=\/wp\/v2\/pages\/1402\/revisions\/1406"}],"wp:attachment":[{"href":"https:\/\/www.askurochembla.ax\/index.php?rest_route=%2Fwp%2Fv2%2Fmedia&parent=1402"}],"curies":[{"name":"wp","href":"https:\/\/api.w.org\/{rel}","templated":true}]}}