{"id":937,"date":"2013-12-12T08:10:16","date_gmt":"2013-12-12T08:10:16","guid":{"rendered":"https:\/\/www.askurochembla.ax\/?page_id=937"},"modified":"2022-05-12T12:17:29","modified_gmt":"2022-05-12T12:17:29","slug":"vara-material","status":"publish","type":"page","link":"https:\/\/www.askurochembla.ax\/?page_id=937","title":{"rendered":"V\u00e5ra material"},"content":{"rendered":"<p><strong>Vi anv\u00e4nder oss av rena naturmaterial s\u00e5som naturgummi, kamelull, lammull, bomull och h\u00e4sttagel.<\/strong><\/p>\n<p>V\u00e5ra produkter \u00e4r inte tillverkade av \u00e5teranv\u00e4nda petroleumprodukter som plast, akryl och nylon eller andra kemiska och t o m giftiga material, utan av rena naturmaterial. Materialen \u00e4r ekologiska och f\u00f6r oss \u00e4r det \u00e4ven en sj\u00e4lvklarhet att produktionen sker utan sk\u00f6vling och djurpl\u00e5geri och att personalen i hela produktionskedjan har bra arbetsvillkor.<\/p>\n<p><strong>Under flikarna kan du l\u00e4sa mer om alla v\u00e5ra material!<\/strong><\/p>\n","protected":false},"excerpt":{"rendered":"<p>Vi anv\u00e4nder oss av rena naturmaterial s\u00e5som naturgummi, kamelull, lammull, bomull och h\u00e4sttagel. V\u00e5ra produkter \u00e4r inte tillverkade av \u00e5teranv\u00e4nda petroleumprodukter som plast, akryl och nylon eller andra kemiska och t o m giftiga material, utan av rena naturmaterial. Materialen \u00e4r ekologiska och f\u00f6r oss \u00e4r det \u00e4ven en sj\u00e4lvklarhet att produktionen sker utan sk\u00f6vling [&hellip;]<\/p>\n","protected":false},"author":1,"featured_media":0,"parent":0,"menu_order":0,"comment_status":"closed","ping_status":"closed","template":"","meta":{"footnotes":""},"class_list":["post-937","page","type-page","status-publish","hentry"],"_links":{"self":[{"href":"https:\/\/www.askurochembla.ax\/index.php?rest_route=\/wp\/v2\/pages\/937","targetHints":{"allow":["GET"]}}],"collection":[{"href":"https:\/\/www.askurochembla.ax\/index.php?rest_route=\/wp\/v2\/pages"}],"about":[{"href":"https:\/\/www.askurochembla.ax\/index.php?rest_route=\/wp\/v2\/types\/page"}],"author":[{"embeddable":true,"href":"https:\/\/www.askurochembla.ax\/index.php?rest_route=\/wp\/v2\/users\/1"}],"replies":[{"embeddable":true,"href":"https:\/\/www.askurochembla.ax\/index.php?rest_route=%2Fwp%2Fv2%2Fcomments&post=937"}],"version-history":[{"count":2,"href":"https:\/\/www.askurochembla.ax\/index.php?rest_route=\/wp\/v2\/pages\/937\/revisions"}],"predecessor-version":[{"id":941,"href":"https:\/\/www.askurochembla.ax\/index.php?rest_route=\/wp\/v2\/pages\/937\/revisions\/941"}],"wp:attachment":[{"href":"https:\/\/www.askurochembla.ax\/index.php?rest_route=%2Fwp%2Fv2%2Fmedia&parent=937"}],"curies":[{"name":"wp","href":"https:\/\/api.w.org\/{rel}","templated":true}]}}