{"id":939,"date":"2013-12-12T08:15:15","date_gmt":"2013-12-12T08:15:15","guid":{"rendered":"https:\/\/www.askurochembla.ax\/?page_id=939"},"modified":"2022-05-12T12:18:05","modified_gmt":"2022-05-12T12:18:05","slug":"bio-bomull","status":"publish","type":"page","link":"https:\/\/www.askurochembla.ax\/?page_id=939","title":{"rendered":"Bomull"},"content":{"rendered":"<p>Fr\u00e5n kontrollerade ekologiska odlingar kommer bomullen i v\u00e5ra t\u00e4cken, kuddar, madrasser och lakan. Bomull \u201dandas\u201d och \u00e4r fuktreglerande. I v\u00e5ra produkter finns kuddar och t\u00e4cken stoppade med ekologisk bomullsvadd. \u00d6verdrag till alla s\u00e4ngkl\u00e4der kommer i ekologisk bomull. Bomullen \u00e4r tv\u00e4ttbar och kan d\u00e4rf\u00f6r anv\u00e4ndas av den som \u00e4r allergisk mot djurh\u00e5r och damm. Bomullen \u00e4r certifierad av GOTS och IVN.<\/p>\n<p>F\u00e4rgv\u00e4xande bomull ger naturligt gr\u00f6n eller ljust brun tr\u00e5d som tillsammans med bomullens naturvita f\u00e4rg skapar h\u00e4rliga kombinationer utan f\u00e4rgning till lakan och \u00f6rngott.<\/p>\n<p>Bomull kan v\u00e4vas med olika tekniker till tyger som kallas flanell, perkal, satin, poplin, frott\u00e9 och flera andra. De har olika karakt\u00e4r men best\u00e5r av samma grundmaterial, bomull, utan inblandning av syntetiska fibrer.<\/p>\n<p><a href=\"http:\/\/www.global-standard.org\/\"><img loading=\"lazy\" decoding=\"async\" class=\"size-thumbnail wp-image-950 alignleft\" alt=\"\" src=\"http:\/\/www.askurochembla.ax\/wp-content\/uploads\/2013\/12\/gots-logo1-150x150.jpg\" width=\"150\" height=\"150\" srcset=\"https:\/\/www.askurochembla.ax\/wp-content\/uploads\/2013\/12\/gots-logo1-150x150.jpg 150w, https:\/\/www.askurochembla.ax\/wp-content\/uploads\/2013\/12\/gots-logo1-324x324.jpg 324w, https:\/\/www.askurochembla.ax\/wp-content\/uploads\/2013\/12\/gots-logo1-100x100.jpg 100w\" sizes=\"auto, (max-width: 150px) 100vw, 150px\" \/><\/a><a href=\"http:\/\/www.askurochembla.ax\/wp-content\/uploads\/2013\/12\/kba_rundlogo.gif\"><img loading=\"lazy\" decoding=\"async\" class=\"size-thumbnail wp-image-953 alignright\" alt=\"\" src=\"http:\/\/www.askurochembla.ax\/wp-content\/uploads\/2013\/12\/kba_rundlogo-150x150.gif\" width=\"150\" height=\"150\" srcset=\"https:\/\/www.askurochembla.ax\/wp-content\/uploads\/2013\/12\/kba_rundlogo-150x150.gif 150w, https:\/\/www.askurochembla.ax\/wp-content\/uploads\/2013\/12\/kba_rundlogo-100x100.gif 100w\" sizes=\"auto, (max-width: 150px) 100vw, 150px\" \/><\/a><\/p>\n","protected":false},"excerpt":{"rendered":"<p>Fr\u00e5n kontrollerade ekologiska odlingar kommer bomullen i v\u00e5ra t\u00e4cken, kuddar, madrasser och lakan. Bomull \u201dandas\u201d och \u00e4r fuktreglerande. I v\u00e5ra produkter finns kuddar och t\u00e4cken stoppade med ekologisk bomullsvadd. \u00d6verdrag till alla s\u00e4ngkl\u00e4der kommer i ekologisk bomull. Bomullen \u00e4r tv\u00e4ttbar och kan d\u00e4rf\u00f6r anv\u00e4ndas av den som \u00e4r allergisk mot djurh\u00e5r och damm. Bomullen \u00e4r [&hellip;]<\/p>\n","protected":false},"author":1,"featured_media":0,"parent":937,"menu_order":0,"comment_status":"closed","ping_status":"closed","template":"","meta":{"footnotes":""},"class_list":["post-939","page","type-page","status-publish","hentry"],"_links":{"self":[{"href":"https:\/\/www.askurochembla.ax\/index.php?rest_route=\/wp\/v2\/pages\/939","targetHints":{"allow":["GET"]}}],"collection":[{"href":"https:\/\/www.askurochembla.ax\/index.php?rest_route=\/wp\/v2\/pages"}],"about":[{"href":"https:\/\/www.askurochembla.ax\/index.php?rest_route=\/wp\/v2\/types\/page"}],"author":[{"embeddable":true,"href":"https:\/\/www.askurochembla.ax\/index.php?rest_route=\/wp\/v2\/users\/1"}],"replies":[{"embeddable":true,"href":"https:\/\/www.askurochembla.ax\/index.php?rest_route=%2Fwp%2Fv2%2Fcomments&post=939"}],"version-history":[{"count":16,"href":"https:\/\/www.askurochembla.ax\/index.php?rest_route=\/wp\/v2\/pages\/939\/revisions"}],"predecessor-version":[{"id":1068,"href":"https:\/\/www.askurochembla.ax\/index.php?rest_route=\/wp\/v2\/pages\/939\/revisions\/1068"}],"up":[{"embeddable":true,"href":"https:\/\/www.askurochembla.ax\/index.php?rest_route=\/wp\/v2\/pages\/937"}],"wp:attachment":[{"href":"https:\/\/www.askurochembla.ax\/index.php?rest_route=%2Fwp%2Fv2%2Fmedia&parent=939"}],"curies":[{"name":"wp","href":"https:\/\/api.w.org\/{rel}","templated":true}]}}