{"id":960,"date":"2013-12-12T08:34:44","date_gmt":"2013-12-12T08:34:44","guid":{"rendered":"https:\/\/www.askurochembla.ax\/?page_id=960"},"modified":"2022-05-12T12:18:14","modified_gmt":"2022-05-12T12:18:14","slug":"kokoskautschuk","status":"publish","type":"page","link":"https:\/\/www.askurochembla.ax\/?page_id=960","title":{"rendered":"Kokoskautschuk"},"content":{"rendered":"<p>Kokosfibrer \u00e4r de fibrer som det yttersta h\u00f6ljet av kokosn\u00f6ten best\u00e5r av. Dessa fibrer \u00e4r mycket starka och t\u00e5liga och har anv\u00e4nts i tusentals \u00e5r f\u00f6r att tillverka bl a rep, mattor och borstar.<\/p>\n<p>Om man kombinerar kokosfiber med naturgummi f\u00e5r man kokoskautschuk. Det blir ett sp\u00e4nstigt material som st\u00f6der kroppen, men som \u00e4r fj\u00e4drande, elastiskt och bekv\u00e4mt.<\/p>\n","protected":false},"excerpt":{"rendered":"<p>Kokosfibrer \u00e4r de fibrer som det yttersta h\u00f6ljet av kokosn\u00f6ten best\u00e5r av. Dessa fibrer \u00e4r mycket starka och t\u00e5liga och har anv\u00e4nts i tusentals \u00e5r f\u00f6r att tillverka bl a rep, mattor och borstar. Om man kombinerar kokosfiber med naturgummi f\u00e5r man kokoskautschuk. Det blir ett sp\u00e4nstigt material som st\u00f6der kroppen, men som \u00e4r fj\u00e4drande, [&hellip;]<\/p>\n","protected":false},"author":1,"featured_media":0,"parent":937,"menu_order":0,"comment_status":"closed","ping_status":"closed","template":"","meta":{"footnotes":""},"class_list":["post-960","page","type-page","status-publish","hentry"],"_links":{"self":[{"href":"https:\/\/www.askurochembla.ax\/index.php?rest_route=\/wp\/v2\/pages\/960","targetHints":{"allow":["GET"]}}],"collection":[{"href":"https:\/\/www.askurochembla.ax\/index.php?rest_route=\/wp\/v2\/pages"}],"about":[{"href":"https:\/\/www.askurochembla.ax\/index.php?rest_route=\/wp\/v2\/types\/page"}],"author":[{"embeddable":true,"href":"https:\/\/www.askurochembla.ax\/index.php?rest_route=\/wp\/v2\/users\/1"}],"replies":[{"embeddable":true,"href":"https:\/\/www.askurochembla.ax\/index.php?rest_route=%2Fwp%2Fv2%2Fcomments&post=960"}],"version-history":[{"count":1,"href":"https:\/\/www.askurochembla.ax\/index.php?rest_route=\/wp\/v2\/pages\/960\/revisions"}],"predecessor-version":[{"id":961,"href":"https:\/\/www.askurochembla.ax\/index.php?rest_route=\/wp\/v2\/pages\/960\/revisions\/961"}],"up":[{"embeddable":true,"href":"https:\/\/www.askurochembla.ax\/index.php?rest_route=\/wp\/v2\/pages\/937"}],"wp:attachment":[{"href":"https:\/\/www.askurochembla.ax\/index.php?rest_route=%2Fwp%2Fv2%2Fmedia&parent=960"}],"curies":[{"name":"wp","href":"https:\/\/api.w.org\/{rel}","templated":true}]}}