{"id":962,"date":"2013-12-12T08:38:25","date_gmt":"2013-12-12T08:38:25","guid":{"rendered":"https:\/\/www.askurochembla.ax\/?page_id=962"},"modified":"2022-05-12T12:17:49","modified_gmt":"2022-05-12T12:17:49","slug":"naturgummi","status":"publish","type":"page","link":"https:\/\/www.askurochembla.ax\/?page_id=962","title":{"rendered":"Naturgummi"},"content":{"rendered":"<p>Naturgummi g\u00f6rs av gummitr\u00e4dets v\u00e4xtsaft. Gummi \u00e4r ett fantastiskt material f\u00f6r madrasser eftersom det anpassar sig till kroppens form och g\u00e5r tillbaka helt av sig sj\u00e4lvt. Helt naturligt och utan oh\u00e4lsosamma gaser. <a title=\"QUL\" href=\"http:\/\/www.qul-ev.de\/index_eng.html\" target=\"_blank\" rel=\"noopener\">QUL<\/a> heter certifikatet f\u00f6r rent naturgummi\/latex utan kemikalier.\u00a0 Gummitr\u00e4den \u00e4r dessutom <a title=\"Forest Stewardship Council\" href=\"http:\/\/se.fsc.org\/\" target=\"_blank\" rel=\"noopener\">FSC-m\u00e4rkta<\/a> och odling samt sk\u00f6rd \u00e4r certifierat av FairDeal Trading.<\/p>\n","protected":false},"excerpt":{"rendered":"<p>Naturgummi g\u00f6rs av gummitr\u00e4dets v\u00e4xtsaft. Gummi \u00e4r ett fantastiskt material f\u00f6r madrasser eftersom det anpassar sig till kroppens form och g\u00e5r tillbaka helt av sig sj\u00e4lvt. Helt naturligt och utan oh\u00e4lsosamma gaser. QUL heter certifikatet f\u00f6r rent naturgummi\/latex utan kemikalier.\u00a0 Gummitr\u00e4den \u00e4r dessutom FSC-m\u00e4rkta och odling samt sk\u00f6rd \u00e4r certifierat av FairDeal Trading.<\/p>\n","protected":false},"author":1,"featured_media":0,"parent":937,"menu_order":0,"comment_status":"closed","ping_status":"closed","template":"","meta":{"footnotes":""},"class_list":["post-962","page","type-page","status-publish","hentry"],"_links":{"self":[{"href":"https:\/\/www.askurochembla.ax\/index.php?rest_route=\/wp\/v2\/pages\/962","targetHints":{"allow":["GET"]}}],"collection":[{"href":"https:\/\/www.askurochembla.ax\/index.php?rest_route=\/wp\/v2\/pages"}],"about":[{"href":"https:\/\/www.askurochembla.ax\/index.php?rest_route=\/wp\/v2\/types\/page"}],"author":[{"embeddable":true,"href":"https:\/\/www.askurochembla.ax\/index.php?rest_route=\/wp\/v2\/users\/1"}],"replies":[{"embeddable":true,"href":"https:\/\/www.askurochembla.ax\/index.php?rest_route=%2Fwp%2Fv2%2Fcomments&post=962"}],"version-history":[{"count":4,"href":"https:\/\/www.askurochembla.ax\/index.php?rest_route=\/wp\/v2\/pages\/962\/revisions"}],"predecessor-version":[{"id":2479,"href":"https:\/\/www.askurochembla.ax\/index.php?rest_route=\/wp\/v2\/pages\/962\/revisions\/2479"}],"up":[{"embeddable":true,"href":"https:\/\/www.askurochembla.ax\/index.php?rest_route=\/wp\/v2\/pages\/937"}],"wp:attachment":[{"href":"https:\/\/www.askurochembla.ax\/index.php?rest_route=%2Fwp%2Fv2%2Fmedia&parent=962"}],"curies":[{"name":"wp","href":"https:\/\/api.w.org\/{rel}","templated":true}]}}