{"id":965,"date":"2013-12-12T08:39:35","date_gmt":"2013-12-12T08:39:35","guid":{"rendered":"https:\/\/www.askurochembla.ax\/?page_id=965"},"modified":"2022-05-12T12:17:33","modified_gmt":"2022-05-12T12:17:33","slug":"dinkelskal-hirs-och-korsbarskarnor","status":"publish","type":"page","link":"https:\/\/www.askurochembla.ax\/?page_id=965","title":{"rendered":"Dinkelskal, hirs och k\u00f6rsb\u00e4rsk\u00e4rnor"},"content":{"rendered":"<p><strong>Ekologisk dinkel<\/strong> (kbA) \u00e4r robust, elastiskt och bidrar till blodcirkulationen. Dessa egenskaper g\u00f6r dinkelkuddar till bra st\u00f6d f\u00f6r huvud och nacke.<\/p>\n<p><strong>Ekologiska hirsk\u00e4rnor<\/strong> (kbA) \u00e4r mindre \u00e4n dinkelk\u00e4rnor. De fina sm\u00e5, runda och glatta hirsp\u00e4rlorna anpassar sig d\u00e4rf\u00f6r till allra minsta r\u00f6relse. Huvud och nacke f\u00e5r alltid bra st\u00f6d.<\/p>\n<p>En gammal huskur \u00e4r att v\u00e4rma eller kyla <strong>k\u00f6rsb\u00e4rsk\u00e4rnor<\/strong> efter behov f\u00f6r att behandla sig sj\u00e4lv hemma eftersom de h\u00e5ller temperaturen l\u00e4nge. Dynor och kuddar fyllda med k\u00f6rsb\u00e4rsk\u00e4rnor kan anv\u00e4ndas som v\u00e4rmedynor i s\u00e4ngen eller p\u00e5 babyns mage.<\/p>\n","protected":false},"excerpt":{"rendered":"<p>Ekologisk dinkel (kbA) \u00e4r robust, elastiskt och bidrar till blodcirkulationen. Dessa egenskaper g\u00f6r dinkelkuddar till bra st\u00f6d f\u00f6r huvud och nacke. Ekologiska hirsk\u00e4rnor (kbA) \u00e4r mindre \u00e4n dinkelk\u00e4rnor. De fina sm\u00e5, runda och glatta hirsp\u00e4rlorna anpassar sig d\u00e4rf\u00f6r till allra minsta r\u00f6relse. Huvud och nacke f\u00e5r alltid bra st\u00f6d. En gammal huskur \u00e4r att v\u00e4rma [&hellip;]<\/p>\n","protected":false},"author":1,"featured_media":0,"parent":937,"menu_order":0,"comment_status":"closed","ping_status":"closed","template":"","meta":{"footnotes":""},"class_list":["post-965","page","type-page","status-publish","hentry"],"_links":{"self":[{"href":"https:\/\/www.askurochembla.ax\/index.php?rest_route=\/wp\/v2\/pages\/965","targetHints":{"allow":["GET"]}}],"collection":[{"href":"https:\/\/www.askurochembla.ax\/index.php?rest_route=\/wp\/v2\/pages"}],"about":[{"href":"https:\/\/www.askurochembla.ax\/index.php?rest_route=\/wp\/v2\/types\/page"}],"author":[{"embeddable":true,"href":"https:\/\/www.askurochembla.ax\/index.php?rest_route=\/wp\/v2\/users\/1"}],"replies":[{"embeddable":true,"href":"https:\/\/www.askurochembla.ax\/index.php?rest_route=%2Fwp%2Fv2%2Fcomments&post=965"}],"version-history":[{"count":3,"href":"https:\/\/www.askurochembla.ax\/index.php?rest_route=\/wp\/v2\/pages\/965\/revisions"}],"predecessor-version":[{"id":1062,"href":"https:\/\/www.askurochembla.ax\/index.php?rest_route=\/wp\/v2\/pages\/965\/revisions\/1062"}],"up":[{"embeddable":true,"href":"https:\/\/www.askurochembla.ax\/index.php?rest_route=\/wp\/v2\/pages\/937"}],"wp:attachment":[{"href":"https:\/\/www.askurochembla.ax\/index.php?rest_route=%2Fwp%2Fv2%2Fmedia&parent=965"}],"curies":[{"name":"wp","href":"https:\/\/api.w.org\/{rel}","templated":true}]}}