{"id":969,"date":"2013-12-12T08:41:01","date_gmt":"2013-12-12T08:41:01","guid":{"rendered":"https:\/\/www.askurochembla.ax\/?page_id=969"},"modified":"2022-05-12T12:17:38","modified_gmt":"2022-05-12T12:17:38","slug":"dun-och-fjader-fran-gas","status":"publish","type":"page","link":"https:\/\/www.askurochembla.ax\/?page_id=969","title":{"rendered":"Dun och fj\u00e4der fr\u00e5n g\u00e5s"},"content":{"rendered":"<p>Dun \u00e4r s\u00e4rskilt l\u00e4tt. Det \u00e4r b\u00e5gformat och bildar h\u00e4rigenom en v\u00e4rmeisolerande luftig stoppning. Det \u00e4r mycket funktionellt och naturlig fuktighetsreglerande. Dun och fj\u00e4der \u00e4r tv\u00e4ttbart och kan d\u00e4rf\u00f6r anv\u00e4ndas av allergiker. Dunet kommer fr\u00e5n g\u00e5rdar med god djurh\u00e5llning och tas ej fr\u00e5n levande f\u00e5glar.<\/p>\n","protected":false},"excerpt":{"rendered":"<p>Dun \u00e4r s\u00e4rskilt l\u00e4tt. Det \u00e4r b\u00e5gformat och bildar h\u00e4rigenom en v\u00e4rmeisolerande luftig stoppning. Det \u00e4r mycket funktionellt och naturlig fuktighetsreglerande. Dun och fj\u00e4der \u00e4r tv\u00e4ttbart och kan d\u00e4rf\u00f6r anv\u00e4ndas av allergiker. Dunet kommer fr\u00e5n g\u00e5rdar med god djurh\u00e5llning och tas ej fr\u00e5n levande f\u00e5glar.<\/p>\n","protected":false},"author":1,"featured_media":0,"parent":937,"menu_order":0,"comment_status":"closed","ping_status":"closed","template":"","meta":{"footnotes":""},"class_list":["post-969","page","type-page","status-publish","hentry"],"_links":{"self":[{"href":"https:\/\/www.askurochembla.ax\/index.php?rest_route=\/wp\/v2\/pages\/969","targetHints":{"allow":["GET"]}}],"collection":[{"href":"https:\/\/www.askurochembla.ax\/index.php?rest_route=\/wp\/v2\/pages"}],"about":[{"href":"https:\/\/www.askurochembla.ax\/index.php?rest_route=\/wp\/v2\/types\/page"}],"author":[{"embeddable":true,"href":"https:\/\/www.askurochembla.ax\/index.php?rest_route=\/wp\/v2\/users\/1"}],"replies":[{"embeddable":true,"href":"https:\/\/www.askurochembla.ax\/index.php?rest_route=%2Fwp%2Fv2%2Fcomments&post=969"}],"version-history":[{"count":2,"href":"https:\/\/www.askurochembla.ax\/index.php?rest_route=\/wp\/v2\/pages\/969\/revisions"}],"predecessor-version":[{"id":1064,"href":"https:\/\/www.askurochembla.ax\/index.php?rest_route=\/wp\/v2\/pages\/969\/revisions\/1064"}],"up":[{"embeddable":true,"href":"https:\/\/www.askurochembla.ax\/index.php?rest_route=\/wp\/v2\/pages\/937"}],"wp:attachment":[{"href":"https:\/\/www.askurochembla.ax\/index.php?rest_route=%2Fwp%2Fv2%2Fmedia&parent=969"}],"curies":[{"name":"wp","href":"https:\/\/api.w.org\/{rel}","templated":true}]}}