{"id":972,"date":"2013-12-13T11:18:55","date_gmt":"2013-12-13T11:18:55","guid":{"rendered":"https:\/\/www.askurochembla.ax\/?page_id=972"},"modified":"2022-05-12T12:18:00","modified_gmt":"2022-05-12T12:18:00","slug":"vildsiden-vegansiden","status":"publish","type":"page","link":"https:\/\/www.askurochembla.ax\/?page_id=972","title":{"rendered":"Vildsiden (vegansiden)"},"content":{"rendered":"<p>Vildsiden inneb\u00e4r att man inte d\u00f6dar sidenlarven som har spunnit sidentr\u00e5den till kokongen som larven l\u00e4gger sig i f\u00f6r att omvandlas till fj\u00e4ril. I konventionell, odling\/framst\u00e4llning av siden l\u00e5ter man sidenlarven spinna sin puppa. N\u00e4r puppan \u00e4r klar dr\u00e4nker man hela puppan med larven inuti och lindar upp sidentr\u00e5den f\u00f6r att g\u00f6ra tyg. I produktion av vildsiden l\u00e5ter man larven utvecklas till fj\u00e4ril i lugn och ro och flytta ut som levande fj\u00e4ril. Sedan tar man hand om puppan och sidentr\u00e5den.<\/p>\n","protected":false},"excerpt":{"rendered":"<p>Vildsiden inneb\u00e4r att man inte d\u00f6dar sidenlarven som har spunnit sidentr\u00e5den till kokongen som larven l\u00e4gger sig i f\u00f6r att omvandlas till fj\u00e4ril. I konventionell, odling\/framst\u00e4llning av siden l\u00e5ter man sidenlarven spinna sin puppa. N\u00e4r puppan \u00e4r klar dr\u00e4nker man hela puppan med larven inuti och lindar upp sidentr\u00e5den f\u00f6r att g\u00f6ra tyg. I produktion [&hellip;]<\/p>\n","protected":false},"author":1,"featured_media":0,"parent":937,"menu_order":0,"comment_status":"closed","ping_status":"closed","template":"","meta":{"footnotes":""},"class_list":["post-972","page","type-page","status-publish","hentry"],"_links":{"self":[{"href":"https:\/\/www.askurochembla.ax\/index.php?rest_route=\/wp\/v2\/pages\/972","targetHints":{"allow":["GET"]}}],"collection":[{"href":"https:\/\/www.askurochembla.ax\/index.php?rest_route=\/wp\/v2\/pages"}],"about":[{"href":"https:\/\/www.askurochembla.ax\/index.php?rest_route=\/wp\/v2\/types\/page"}],"author":[{"embeddable":true,"href":"https:\/\/www.askurochembla.ax\/index.php?rest_route=\/wp\/v2\/users\/1"}],"replies":[{"embeddable":true,"href":"https:\/\/www.askurochembla.ax\/index.php?rest_route=%2Fwp%2Fv2%2Fcomments&post=972"}],"version-history":[{"count":2,"href":"https:\/\/www.askurochembla.ax\/index.php?rest_route=\/wp\/v2\/pages\/972\/revisions"}],"predecessor-version":[{"id":1066,"href":"https:\/\/www.askurochembla.ax\/index.php?rest_route=\/wp\/v2\/pages\/972\/revisions\/1066"}],"up":[{"embeddable":true,"href":"https:\/\/www.askurochembla.ax\/index.php?rest_route=\/wp\/v2\/pages\/937"}],"wp:attachment":[{"href":"https:\/\/www.askurochembla.ax\/index.php?rest_route=%2Fwp%2Fv2%2Fmedia&parent=972"}],"curies":[{"name":"wp","href":"https:\/\/api.w.org\/{rel}","templated":true}]}}