{"id":976,"date":"2013-12-13T11:23:04","date_gmt":"2013-12-13T11:23:04","guid":{"rendered":"https:\/\/www.askurochembla.ax\/?page_id=976"},"modified":"2022-05-12T12:17:43","modified_gmt":"2022-05-12T12:17:43","slug":"merino-lammull","status":"publish","type":"page","link":"https:\/\/www.askurochembla.ax\/?page_id=976","title":{"rendered":"Merino lammull"},"content":{"rendered":"<p>Fin mjuk ull fr\u00e5n levande merinolamm fr\u00e5n g\u00e5rdar med kontrollerad djurh\u00e5llning (kbT &#8211; kontrolliert biologische Tierhaltung). Ullen \u00e4r mycket krullig och har d\u00e4rmed en god f\u00f6rm\u00e5ga att binda luft vilket g\u00f6r att den v\u00e4rmer bra. Lammullen \u00e4r fuktighetsreglerande och t\u00e5lig samt naturligt sv\u00e5rant\u00e4ndlig.<\/p>\n","protected":false},"excerpt":{"rendered":"<p>Fin mjuk ull fr\u00e5n levande merinolamm fr\u00e5n g\u00e5rdar med kontrollerad djurh\u00e5llning (kbT &#8211; kontrolliert biologische Tierhaltung). Ullen \u00e4r mycket krullig och har d\u00e4rmed en god f\u00f6rm\u00e5ga att binda luft vilket g\u00f6r att den v\u00e4rmer bra. Lammullen \u00e4r fuktighetsreglerande och t\u00e5lig samt naturligt sv\u00e5rant\u00e4ndlig.<\/p>\n","protected":false},"author":1,"featured_media":0,"parent":937,"menu_order":0,"comment_status":"closed","ping_status":"closed","template":"","meta":{"footnotes":""},"class_list":["post-976","page","type-page","status-publish","hentry"],"_links":{"self":[{"href":"https:\/\/www.askurochembla.ax\/index.php?rest_route=\/wp\/v2\/pages\/976","targetHints":{"allow":["GET"]}}],"collection":[{"href":"https:\/\/www.askurochembla.ax\/index.php?rest_route=\/wp\/v2\/pages"}],"about":[{"href":"https:\/\/www.askurochembla.ax\/index.php?rest_route=\/wp\/v2\/types\/page"}],"author":[{"embeddable":true,"href":"https:\/\/www.askurochembla.ax\/index.php?rest_route=\/wp\/v2\/users\/1"}],"replies":[{"embeddable":true,"href":"https:\/\/www.askurochembla.ax\/index.php?rest_route=%2Fwp%2Fv2%2Fcomments&post=976"}],"version-history":[{"count":3,"href":"https:\/\/www.askurochembla.ax\/index.php?rest_route=\/wp\/v2\/pages\/976\/revisions"}],"predecessor-version":[{"id":1061,"href":"https:\/\/www.askurochembla.ax\/index.php?rest_route=\/wp\/v2\/pages\/976\/revisions\/1061"}],"up":[{"embeddable":true,"href":"https:\/\/www.askurochembla.ax\/index.php?rest_route=\/wp\/v2\/pages\/937"}],"wp:attachment":[{"href":"https:\/\/www.askurochembla.ax\/index.php?rest_route=%2Fwp%2Fv2%2Fmedia&parent=976"}],"curies":[{"name":"wp","href":"https:\/\/api.w.org\/{rel}","templated":true}]}}