{"id":978,"date":"2013-12-13T11:23:59","date_gmt":"2013-12-13T11:23:59","guid":{"rendered":"https:\/\/www.askurochembla.ax\/?page_id=978"},"modified":"2022-05-12T12:17:54","modified_gmt":"2022-05-12T12:17:54","slug":"skotselrad","status":"publish","type":"page","link":"https:\/\/www.askurochembla.ax\/?page_id=978","title":{"rendered":"Sk\u00f6tselr\u00e5d"},"content":{"rendered":"<p><span style=\"color: #008000;\"><strong>Naturmaterial \u00e4r biologiskt nedbrytbara vilket inneb\u00e4r att de kan \u00e5terg\u00e5 till naturen som jord. Eftersom de \u00e4r naturliga kan naturmaterial drabbas av m\u00f6gel och skadeinsekter. H\u00e4r f\u00f6ljer n\u00e5gra r\u00e5d som hj\u00e4lper dig att ta hand om dina naturprodukter s\u00e5 att de h\u00e5ller l\u00e4ngre.<\/strong><\/span><\/p>\n<ul>\n<li>H\u00e5ll produkterna torra<\/li>\n<li>F\u00f6rvara dem tillsammans med lavendel, cedertr\u00e4, neem eller kryddnejlika som avskr\u00e4cker mal, kvalster och andra insekter. Doftkrus med eterisk olja av dessa, sprej eller torkade \u00f6rter i en p\u00e5se \u00e4r ocks\u00e5 bra.<\/li>\n<li>Spraya ullprodukterna l\u00e4tt med Neem-spray en g\u00e5ng vartannat \u00e5r eller efter eventuell tv\u00e4tt.<\/li>\n<li>S\u00e4tt aldrig in fuktiga produkter av naturmaterial i ett sk\u00e5p.<\/li>\n<li>V\u00e4lj en kudde med ett ytterfodral som kan tv\u00e4ttas om du vill ha ull eller gummi som fyllning.<\/li>\n<li>Du kan ha dubbla lakan och \u00f6rngott som extra skydd mot smuts och draglakan vid mens.<\/li>\n<li>Sol \u00e4r bakterie- och m\u00f6gelh\u00e4mmande. B\u00e4dda inte med t\u00e4ta \u00f6verkast utan l\u00e5t din naturliga b\u00e4dd v\u00e4dras och solas n\u00e4r du inte sover i den.<\/li>\n<\/ul>\n<p><span style=\"color: #008000;\"><strong>S\u00e4rskilt om v\u00e5ra olika naturmaterial<\/strong><\/span><\/p>\n<p><span style=\"color: #008000;\">Bomull<\/span><\/p>\n<ul>\n<li>Bomull tv\u00e4ttas i 40- 60 grader och torkas helst h\u00e4ngande p\u00e5 str\u00e4ck utomhus.<\/li>\n<li>Anv\u00e4nd inte blekmedel till f\u00e4rgv\u00e4xande bomull, den kan bli missf\u00e4rgad.<\/li>\n<li>\u00a0Kuddar, t\u00e4cken och b\u00e4ddmadrasser beh\u00f6ver ocks\u00e5 str\u00e4ckas efter tv\u00e4tt f\u00f6r att beh\u00e5lla r\u00e4tt form.<\/li>\n<li>H\u00f6ga temperaturer samt torktumling ger mer krympning.<\/li>\n<\/ul>\n<p><span style=\"color: #008000;\">Lamm-, kamel- och jakull<\/span><\/p>\n<ul>\n<li>Ull ska helst inte tv\u00e4ttas. V\u00e4dra ist\u00e4llet i solen eller p\u00e5 en b\u00e4dd av ren kall sn\u00f6.<\/li>\n<li>Om det blir en fl\u00e4ck tv\u00e4ttar du bort fl\u00e4cken med milt tv\u00e4ttmedel och ljummet vatten (kallt om det \u00e4r blod), men undvik att bl\u00f6ta hela produkten.<\/li>\n<li>Ull krymper i tv\u00e4tt. L\u00e4gg inte ullprodukter i tv\u00e4ttmaskinen.<\/li>\n<li>Ull ska absolut inte torkas i torktumlare. D\u00e5 blir det en liten h\u00e5rd boll av hela produkten.<\/li>\n<\/ul>\n<p><span style=\"color: #008000;\">Dinkel och hirs<\/span><\/p>\n<ul>\n<li>Produkter fyllda med dinkelskal eller hirs kan inte tv\u00e4ttas. V\u00e4dra ist\u00e4llet i solen.<\/li>\n<li>L\u00e5t inte din hirs- eller dinkelkudde bli fuktig. Den kan m\u00f6gla.<\/li>\n<li>Om produkten blir smutsig t\u00f6mmer du inneh\u00e5llet i komposten och k\u00f6per ny fyllning.<\/li>\n<li>Sol \u00e4r bakterie- och m\u00f6gelh\u00e4mmande. B\u00e4dda inte med t\u00e4ta \u00f6verkast utan l\u00e5t din naturliga b\u00e4dd v\u00e4dras och solas n\u00e4r du inte sover i den.<\/li>\n<li>Det h\u00e4r \u00e4r \u00e4tbart naturmaterial som ocks\u00e5 \u00e4r mat f\u00f6r sm\u00e5djur s\u00e5 l\u00e4mna inte kudden i fritidshus.<\/li>\n<\/ul>\n<p><span style=\"color: #008000;\">Naturgummi<\/span><\/p>\n<ul>\n<li>Naturgummi bryts ned med tiden och blir gulaktig och smulig. Det sker efter ca tio \u00e5r. Processen p\u00e5skyndas av sol, v\u00e4rme och torka. D\u00e4rf\u00f6r b\u00f6r du skydda dina gummiprodukter fr\u00e5n torka.<\/li>\n<li>Gummi kan inte tv\u00e4ttas. V\u00e4lj avtagbara och tv\u00e4ttbara \u00f6verdrag som du kan t\u00f6mma p\u00e5 gummi om du \u00e4r orolig f\u00f6r smuts och fl\u00e4ckar.<\/li>\n<li>L\u00e4gg ett madrasskydd av ullflanell mellan madrassen och ribbotten f\u00f6r att skydda mot skavning och f\u00f6r att bidra till att fukt \u201ddras\u201d ut genom ullen fr\u00e5n madrassen.<\/li>\n<\/ul>\n<p><span style=\"color: #008000;\"><strong>N\u00e4r du inte l\u00e4ngre vill ha dina naturprodukter kan de \u00e5terg\u00e5 till naturen genom kompostering! Men unders\u00f6k f\u00f6rst om de g\u00e5r att \u00e5teranv\u00e4nda p\u00e5 n\u00e5got s\u00e4tt eller av n\u00e5gon annan.<\/strong><\/span><\/p>\n","protected":false},"excerpt":{"rendered":"<p>Naturmaterial \u00e4r biologiskt nedbrytbara vilket inneb\u00e4r att de kan \u00e5terg\u00e5 till naturen som jord. Eftersom de \u00e4r naturliga kan naturmaterial drabbas av m\u00f6gel och skadeinsekter. H\u00e4r f\u00f6ljer n\u00e5gra r\u00e5d som hj\u00e4lper dig att ta hand om dina naturprodukter s\u00e5 att de h\u00e5ller l\u00e4ngre. H\u00e5ll produkterna torra F\u00f6rvara dem tillsammans med lavendel, cedertr\u00e4, neem eller kryddnejlika [&hellip;]<\/p>\n","protected":false},"author":1,"featured_media":0,"parent":937,"menu_order":0,"comment_status":"closed","ping_status":"closed","template":"","meta":{"footnotes":""},"class_list":["post-978","page","type-page","status-publish","hentry"],"_links":{"self":[{"href":"https:\/\/www.askurochembla.ax\/index.php?rest_route=\/wp\/v2\/pages\/978","targetHints":{"allow":["GET"]}}],"collection":[{"href":"https:\/\/www.askurochembla.ax\/index.php?rest_route=\/wp\/v2\/pages"}],"about":[{"href":"https:\/\/www.askurochembla.ax\/index.php?rest_route=\/wp\/v2\/types\/page"}],"author":[{"embeddable":true,"href":"https:\/\/www.askurochembla.ax\/index.php?rest_route=\/wp\/v2\/users\/1"}],"replies":[{"embeddable":true,"href":"https:\/\/www.askurochembla.ax\/index.php?rest_route=%2Fwp%2Fv2%2Fcomments&post=978"}],"version-history":[{"count":6,"href":"https:\/\/www.askurochembla.ax\/index.php?rest_route=\/wp\/v2\/pages\/978\/revisions"}],"predecessor-version":[{"id":1059,"href":"https:\/\/www.askurochembla.ax\/index.php?rest_route=\/wp\/v2\/pages\/978\/revisions\/1059"}],"up":[{"embeddable":true,"href":"https:\/\/www.askurochembla.ax\/index.php?rest_route=\/wp\/v2\/pages\/937"}],"wp:attachment":[{"href":"https:\/\/www.askurochembla.ax\/index.php?rest_route=%2Fwp%2Fv2%2Fmedia&parent=978"}],"curies":[{"name":"wp","href":"https:\/\/api.w.org\/{rel}","templated":true}]}}