{"id":1303,"date":"2014-05-20T10:36:55","date_gmt":"2014-05-20T10:36:55","guid":{"rendered":"https:\/\/www.askurochembla.ax\/?post_type=product&#038;p=1303"},"modified":"2023-09-15T06:29:01","modified_gmt":"2023-09-15T06:29:01","slug":"kudde-vario-komfort","status":"publish","type":"product","link":"https:\/\/www.askurochembla.ax\/?product=kudde-vario-komfort","title":{"rendered":"Kudde, Vario Komfort"},"content":{"rendered":"","protected":false},"excerpt":{"rendered":"<p>Vario \u00e4r en ergonomiskt formad kudde i naturgummi\/latex. Den \u00e4r mjukare i mitten och fastare i sidorna s\u00e5 att huvudet mjukt kan sjunka ned och avlasta nackmusklerna. Kuddens h\u00f6jd kan varieras genom att en platta av naturgummi bifogas. Den som sover p\u00e5 sidan anv\u00e4nder plattan f\u00f6r att f\u00e5 upp huvudet lite mer, och den som sover p\u00e5 rygg sover inte med plattan. Kudden har ett avtagbart \u00f6verdrag i ekologisk bomullsjersey som \u00e4r stoppat med lammull, vilket bidrar till ett behagligt sovklimat.<\/p>\n<p>Certifierad ekologisk bomull av GOTS. Naturgummi fr\u00e5n gummitr\u00e4d ekologiskt certifierad av QUL och f\u00f6r arbetsf\u00f6rh\u00e5llanden av FairDeal Trading. Produktionen \u00e4r certifierad av IVN. Alla produkter testas regelm\u00e4ssigt f\u00f6r inneh\u00e5ll av skadliga \u00e4mnen av ECO-institutet i Tyskland. Tv\u00e5 \u00e5rs fabriksgaranti fr\u00e5n Prolana.<\/p>\n<p>K\u00e4rna och platta av perforerad 100% naturgummi (latex).<\/p>\n<p><b>\u00d6verdrag:<\/b><br \/>\n\u00d6verdrag: 100% ekologisk bomullsjersey (kbA) ,stoppad med lammul. Quiltad, med blixtl\u00e5s, avtagbart och handtv\u00e4ttbart.<\/p>\n<p><b>Storlek:<\/b><br \/>\n40&#215;80 cm<\/p>\n","protected":false},"featured_media":1305,"comment_status":"open","ping_status":"closed","template":"","meta":[],"product_brand":[],"product_cat":[93],"product_tag":[],"class_list":{"0":"post-1303","1":"product","2":"type-product","3":"status-publish","4":"has-post-thumbnail","6":"product_cat-kuddar-med-naturgummi","7":"product_shipping_class-fast-pris-kuddar-barnsovrumsprodukter","9":"first","10":"onbackorder","11":"taxable","12":"shipping-taxable","13":"purchasable","14":"product-type-simple"},"_links":{"self":[{"href":"https:\/\/www.askurochembla.ax\/index.php?rest_route=\/wp\/v2\/product\/1303","targetHints":{"allow":["GET"]}}],"collection":[{"href":"https:\/\/www.askurochembla.ax\/index.php?rest_route=\/wp\/v2\/product"}],"about":[{"href":"https:\/\/www.askurochembla.ax\/index.php?rest_route=\/wp\/v2\/types\/product"}],"replies":[{"embeddable":true,"href":"https:\/\/www.askurochembla.ax\/index.php?rest_route=%2Fwp%2Fv2%2Fcomments&post=1303"}],"wp:featuredmedia":[{"embeddable":true,"href":"https:\/\/www.askurochembla.ax\/index.php?rest_route=\/wp\/v2\/media\/1305"}],"wp:attachment":[{"href":"https:\/\/www.askurochembla.ax\/index.php?rest_route=%2Fwp%2Fv2%2Fmedia&parent=1303"}],"wp:term":[{"taxonomy":"product_brand","embeddable":true,"href":"https:\/\/www.askurochembla.ax\/index.php?rest_route=%2Fwp%2Fv2%2Fproduct_brand&post=1303"},{"taxonomy":"product_cat","embeddable":true,"href":"https:\/\/www.askurochembla.ax\/index.php?rest_route=%2Fwp%2Fv2%2Fproduct_cat&post=1303"},{"taxonomy":"product_tag","embeddable":true,"href":"https:\/\/www.askurochembla.ax\/index.php?rest_route=%2Fwp%2Fv2%2Fproduct_tag&post=1303"}],"curies":[{"name":"wp","href":"https:\/\/api.w.org\/{rel}","templated":true}]}}