{"id":1357,"date":"2014-09-18T13:24:46","date_gmt":"2014-09-18T13:24:46","guid":{"rendered":"https:\/\/www.askurochembla.ax\/?post_type=product&#038;p=1357"},"modified":"2021-08-05T07:21:47","modified_gmt":"2021-08-05T07:21:47","slug":"napp-naturgummi-anka-3-36-man-anatomisk","status":"publish","type":"product","link":"https:\/\/www.askurochembla.ax\/?product=napp-naturgummi-anka-3-36-man-anatomisk","title":{"rendered":"Naturgumminapp anka 3-36 m\u00e5n (symmetrisk)"},"content":{"rendered":"","protected":false},"excerpt":{"rendered":"<p>Napp i 100 % naturgummi med ankformade h\u00e5l.\u00a0Symmetriskt munstycke. Hevea Baby rekommenderar att nappen f\u00f6rst steriliseras genom kokning i fem minuter innan den tas i bruk. D\u00e5 naturgummi \u00e4r ett naturmaterial som \u00e5ldras b\u00f6r nappen bytas ut var 6-8 vecka. Fr\u00e5n 3-36 m\u00e5nader.<\/p>\n","protected":false},"featured_media":1358,"comment_status":"open","ping_status":"closed","template":"","meta":[],"product_brand":[],"product_cat":[144],"product_tag":[],"class_list":{"0":"post-1357","1":"product","2":"type-product","3":"status-publish","4":"has-post-thumbnail","6":"product_cat-nappar","8":"first","9":"instock","10":"taxable","11":"shipping-taxable","12":"purchasable","13":"product-type-simple"},"_links":{"self":[{"href":"https:\/\/www.askurochembla.ax\/index.php?rest_route=\/wp\/v2\/product\/1357","targetHints":{"allow":["GET"]}}],"collection":[{"href":"https:\/\/www.askurochembla.ax\/index.php?rest_route=\/wp\/v2\/product"}],"about":[{"href":"https:\/\/www.askurochembla.ax\/index.php?rest_route=\/wp\/v2\/types\/product"}],"replies":[{"embeddable":true,"href":"https:\/\/www.askurochembla.ax\/index.php?rest_route=%2Fwp%2Fv2%2Fcomments&post=1357"}],"wp:featuredmedia":[{"embeddable":true,"href":"https:\/\/www.askurochembla.ax\/index.php?rest_route=\/wp\/v2\/media\/1358"}],"wp:attachment":[{"href":"https:\/\/www.askurochembla.ax\/index.php?rest_route=%2Fwp%2Fv2%2Fmedia&parent=1357"}],"wp:term":[{"taxonomy":"product_brand","embeddable":true,"href":"https:\/\/www.askurochembla.ax\/index.php?rest_route=%2Fwp%2Fv2%2Fproduct_brand&post=1357"},{"taxonomy":"product_cat","embeddable":true,"href":"https:\/\/www.askurochembla.ax\/index.php?rest_route=%2Fwp%2Fv2%2Fproduct_cat&post=1357"},{"taxonomy":"product_tag","embeddable":true,"href":"https:\/\/www.askurochembla.ax\/index.php?rest_route=%2Fwp%2Fv2%2Fproduct_tag&post=1357"}],"curies":[{"name":"wp","href":"https:\/\/api.w.org\/{rel}","templated":true}]}}