{"id":1362,"date":"2014-09-18T13:30:32","date_gmt":"2014-09-18T13:30:32","guid":{"rendered":"https:\/\/www.askurochembla.ax\/?post_type=product&#038;p=1362"},"modified":"2023-09-15T07:06:36","modified_gmt":"2023-09-15T07:06:36","slug":"napp-naturgummi-krona-3-36-man-rund","status":"publish","type":"product","link":"https:\/\/www.askurochembla.ax\/?product=napp-naturgummi-krona-3-36-man-rund","title":{"rendered":"Naturgumminapp krona 3-36 m\u00e5n (rund)"},"content":{"rendered":"","protected":false},"excerpt":{"rendered":"<p style=\"color: #686868;\">Napp i 100 % naturgummi med kronformade h\u00e5l. Runt munstycke.\u00a0 Hevea Baby rekommenderar att nappen f\u00f6rst steriliseras genom kokning i fem minuter innan den tas i bruk. D\u00e5 naturgummi \u00e4r ett naturmaterial som \u00e5ldras b\u00f6r nappen bytas ut var 6-8 vecka. Fr\u00e5n 3-36 m\u00e5nader.<\/p>\n","protected":false},"featured_media":1360,"comment_status":"open","ping_status":"closed","template":"","meta":[],"product_brand":[],"product_cat":[144],"product_tag":[],"class_list":{"0":"post-1362","1":"product","2":"type-product","3":"status-publish","4":"has-post-thumbnail","6":"product_cat-nappar","8":"first","9":"instock","10":"taxable","11":"shipping-taxable","12":"purchasable","13":"product-type-simple"},"_links":{"self":[{"href":"https:\/\/www.askurochembla.ax\/index.php?rest_route=\/wp\/v2\/product\/1362","targetHints":{"allow":["GET"]}}],"collection":[{"href":"https:\/\/www.askurochembla.ax\/index.php?rest_route=\/wp\/v2\/product"}],"about":[{"href":"https:\/\/www.askurochembla.ax\/index.php?rest_route=\/wp\/v2\/types\/product"}],"replies":[{"embeddable":true,"href":"https:\/\/www.askurochembla.ax\/index.php?rest_route=%2Fwp%2Fv2%2Fcomments&post=1362"}],"wp:featuredmedia":[{"embeddable":true,"href":"https:\/\/www.askurochembla.ax\/index.php?rest_route=\/wp\/v2\/media\/1360"}],"wp:attachment":[{"href":"https:\/\/www.askurochembla.ax\/index.php?rest_route=%2Fwp%2Fv2%2Fmedia&parent=1362"}],"wp:term":[{"taxonomy":"product_brand","embeddable":true,"href":"https:\/\/www.askurochembla.ax\/index.php?rest_route=%2Fwp%2Fv2%2Fproduct_brand&post=1362"},{"taxonomy":"product_cat","embeddable":true,"href":"https:\/\/www.askurochembla.ax\/index.php?rest_route=%2Fwp%2Fv2%2Fproduct_cat&post=1362"},{"taxonomy":"product_tag","embeddable":true,"href":"https:\/\/www.askurochembla.ax\/index.php?rest_route=%2Fwp%2Fv2%2Fproduct_tag&post=1362"}],"curies":[{"name":"wp","href":"https:\/\/api.w.org\/{rel}","templated":true}]}}