{"id":1509,"date":"2015-08-11T09:42:14","date_gmt":"2015-08-11T09:42:14","guid":{"rendered":"https:\/\/www.askurochembla.ax\/?post_type=product&#038;p=1509"},"modified":"2021-08-06T07:32:30","modified_gmt":"2021-08-06T07:32:30","slug":"badmatta-naturgummi","status":"publish","type":"product","link":"https:\/\/www.askurochembla.ax\/?product=badmatta-naturgummi","title":{"rendered":"Badmatta naturgummi"},"content":{"rendered":"","protected":false},"excerpt":{"rendered":"<p>Badmattan \u00e4r gjord av 100% naturgummi\u00a0och\u00a0\u00e4r\u00a0<span style=\"color: #000000;\">fri fr\u00e5n BPA, PVC och ftalater. Sugkoppar h\u00e5ller mattan s\u00e4ker p\u00e5 plats i badkaret.<\/span><\/p>\n<p>Storlek 55 x 32 cm<\/p>\n","protected":false},"featured_media":1885,"comment_status":"open","ping_status":"closed","template":"","meta":[],"product_brand":[],"product_cat":[149],"product_tag":[],"class_list":{"0":"post-1509","1":"product","2":"type-product","3":"status-publish","4":"has-post-thumbnail","6":"product_cat-badleksaker","8":"first","9":"instock","10":"taxable","11":"shipping-taxable","12":"purchasable","13":"product-type-simple"},"_links":{"self":[{"href":"https:\/\/www.askurochembla.ax\/index.php?rest_route=\/wp\/v2\/product\/1509","targetHints":{"allow":["GET"]}}],"collection":[{"href":"https:\/\/www.askurochembla.ax\/index.php?rest_route=\/wp\/v2\/product"}],"about":[{"href":"https:\/\/www.askurochembla.ax\/index.php?rest_route=\/wp\/v2\/types\/product"}],"replies":[{"embeddable":true,"href":"https:\/\/www.askurochembla.ax\/index.php?rest_route=%2Fwp%2Fv2%2Fcomments&post=1509"}],"wp:featuredmedia":[{"embeddable":true,"href":"https:\/\/www.askurochembla.ax\/index.php?rest_route=\/wp\/v2\/media\/1885"}],"wp:attachment":[{"href":"https:\/\/www.askurochembla.ax\/index.php?rest_route=%2Fwp%2Fv2%2Fmedia&parent=1509"}],"wp:term":[{"taxonomy":"product_brand","embeddable":true,"href":"https:\/\/www.askurochembla.ax\/index.php?rest_route=%2Fwp%2Fv2%2Fproduct_brand&post=1509"},{"taxonomy":"product_cat","embeddable":true,"href":"https:\/\/www.askurochembla.ax\/index.php?rest_route=%2Fwp%2Fv2%2Fproduct_cat&post=1509"},{"taxonomy":"product_tag","embeddable":true,"href":"https:\/\/www.askurochembla.ax\/index.php?rest_route=%2Fwp%2Fv2%2Fproduct_tag&post=1509"}],"curies":[{"name":"wp","href":"https:\/\/api.w.org\/{rel}","templated":true}]}}