{"id":1586,"date":"2015-12-07T12:29:18","date_gmt":"2015-12-07T12:29:18","guid":{"rendered":"https:\/\/www.askurochembla.ax\/?post_type=product&#038;p=1586"},"modified":"2021-08-12T11:04:51","modified_gmt":"2021-08-12T11:04:51","slug":"klattrande-nic","status":"publish","type":"product","link":"https:\/\/www.askurochembla.ax\/?product=klattrande-nic","title":{"rendered":"Kl\u00e4ttrande Nic (eko)"},"content":{"rendered":"","protected":false},"excerpt":{"rendered":"<p>Gammaldags leksak\u00a0i FSC-certifierad ekologiskt tr\u00e4 d\u00e4r Nic kl\u00e4ttrar nerf\u00f6r stegen.\u00a0M\u00e5lad\u00a0med frukt- och v\u00e4xtbaserad f\u00e4rg.<\/p>\n<p>Storlek: 50 cm x 12 cm x 3 cm.<\/p>\n<p>&nbsp;<\/p>\n","protected":false},"featured_media":1587,"comment_status":"open","ping_status":"closed","template":"","meta":[],"product_brand":[],"product_cat":[165],"product_tag":[],"class_list":{"0":"post-1586","1":"product","2":"type-product","3":"status-publish","4":"has-post-thumbnail","6":"product_cat-babyleksaker-leksaker","8":"first","9":"instock","10":"taxable","11":"shipping-taxable","12":"purchasable","13":"product-type-simple"},"_links":{"self":[{"href":"https:\/\/www.askurochembla.ax\/index.php?rest_route=\/wp\/v2\/product\/1586","targetHints":{"allow":["GET"]}}],"collection":[{"href":"https:\/\/www.askurochembla.ax\/index.php?rest_route=\/wp\/v2\/product"}],"about":[{"href":"https:\/\/www.askurochembla.ax\/index.php?rest_route=\/wp\/v2\/types\/product"}],"replies":[{"embeddable":true,"href":"https:\/\/www.askurochembla.ax\/index.php?rest_route=%2Fwp%2Fv2%2Fcomments&post=1586"}],"wp:featuredmedia":[{"embeddable":true,"href":"https:\/\/www.askurochembla.ax\/index.php?rest_route=\/wp\/v2\/media\/1587"}],"wp:attachment":[{"href":"https:\/\/www.askurochembla.ax\/index.php?rest_route=%2Fwp%2Fv2%2Fmedia&parent=1586"}],"wp:term":[{"taxonomy":"product_brand","embeddable":true,"href":"https:\/\/www.askurochembla.ax\/index.php?rest_route=%2Fwp%2Fv2%2Fproduct_brand&post=1586"},{"taxonomy":"product_cat","embeddable":true,"href":"https:\/\/www.askurochembla.ax\/index.php?rest_route=%2Fwp%2Fv2%2Fproduct_cat&post=1586"},{"taxonomy":"product_tag","embeddable":true,"href":"https:\/\/www.askurochembla.ax\/index.php?rest_route=%2Fwp%2Fv2%2Fproduct_tag&post=1586"}],"curies":[{"name":"wp","href":"https:\/\/api.w.org\/{rel}","templated":true}]}}