{"id":1591,"date":"2015-12-17T07:58:40","date_gmt":"2015-12-17T07:58:40","guid":{"rendered":"https:\/\/www.askurochembla.ax\/?post_type=product&#038;p=1591"},"modified":"2021-08-12T11:03:51","modified_gmt":"2021-08-12T11:03:51","slug":"dragvagn-med-klossar","status":"publish","type":"product","link":"https:\/\/www.askurochembla.ax\/?product=dragvagn-med-klossar","title":{"rendered":"Ekologisk dragvagn med klossar"},"content":{"rendered":"","protected":false},"excerpt":{"rendered":"<p>Dragvagn med klossar i\u00a0FSC-certifierad ekologiskt tr\u00e4. Vagnen och klossarna \u00e4r m\u00e5lade med\u00a0giftfri\u00a0frukt- och v\u00e4xtbaserad f\u00e4rg.Inneh\u00e5ller 8\u00a0<span style=\"color: #000000;\">klossar som passar i dom olika h\u00e5len i l\u00e5dan. Dragvagnen\u00a0\u00e4r en klassisk pedagogisk leksak f\u00f6r de mindre som tr\u00e4nar koordinationen p\u00e5 ett lekande l\u00e4tt s\u00e4tt.<\/span><\/p>\n<p>Storlek: 24 cm x 19 cm x 12 cm<\/p>\n","protected":false},"featured_media":1528,"comment_status":"open","ping_status":"closed","template":"","meta":[],"product_brand":[],"product_cat":[165],"product_tag":[],"class_list":{"0":"post-1591","1":"product","2":"type-product","3":"status-publish","4":"has-post-thumbnail","6":"product_cat-babyleksaker-leksaker","8":"first","9":"instock","10":"taxable","11":"shipping-taxable","12":"purchasable","13":"product-type-simple"},"_links":{"self":[{"href":"https:\/\/www.askurochembla.ax\/index.php?rest_route=\/wp\/v2\/product\/1591","targetHints":{"allow":["GET"]}}],"collection":[{"href":"https:\/\/www.askurochembla.ax\/index.php?rest_route=\/wp\/v2\/product"}],"about":[{"href":"https:\/\/www.askurochembla.ax\/index.php?rest_route=\/wp\/v2\/types\/product"}],"replies":[{"embeddable":true,"href":"https:\/\/www.askurochembla.ax\/index.php?rest_route=%2Fwp%2Fv2%2Fcomments&post=1591"}],"wp:featuredmedia":[{"embeddable":true,"href":"https:\/\/www.askurochembla.ax\/index.php?rest_route=\/wp\/v2\/media\/1528"}],"wp:attachment":[{"href":"https:\/\/www.askurochembla.ax\/index.php?rest_route=%2Fwp%2Fv2%2Fmedia&parent=1591"}],"wp:term":[{"taxonomy":"product_brand","embeddable":true,"href":"https:\/\/www.askurochembla.ax\/index.php?rest_route=%2Fwp%2Fv2%2Fproduct_brand&post=1591"},{"taxonomy":"product_cat","embeddable":true,"href":"https:\/\/www.askurochembla.ax\/index.php?rest_route=%2Fwp%2Fv2%2Fproduct_cat&post=1591"},{"taxonomy":"product_tag","embeddable":true,"href":"https:\/\/www.askurochembla.ax\/index.php?rest_route=%2Fwp%2Fv2%2Fproduct_tag&post=1591"}],"curies":[{"name":"wp","href":"https:\/\/api.w.org\/{rel}","templated":true}]}}