{"id":1592,"date":"2015-12-17T08:25:38","date_gmt":"2015-12-17T08:25:38","guid":{"rendered":"https:\/\/www.askurochembla.ax\/?post_type=product&#038;p=1592"},"modified":"2022-05-21T00:08:35","modified_gmt":"2022-05-21T00:08:35","slug":"hevea-star-boll","status":"publish","type":"product","link":"https:\/\/www.askurochembla.ax\/?product=hevea-star-boll","title":{"rendered":"Hevea Star Boll"},"content":{"rendered":"","protected":false},"excerpt":{"rendered":"<p>&#8221;Hevea Star ball&#8221; \u00e4r en boll fr\u00e5n Hevea baby gjord av of\u00e4rgat och oblekt naturgummi. Den \u00e4r fri fr\u00e5n BPA, ftalater, PVC och syntet. Roligt leksak\u00a0som passar bra f\u00f6r de minsta barnen men\u00a0\u00e4ven till lite \u00e4ldre barn. Bollen studsar och rullar p\u00e5 golvet men \u00e4r ocks\u00e5 mjuk och sk\u00f6n att tugga p\u00e5.<\/p>\n<p>Storlek: 10,5 cm diameter<\/p>\n","protected":false},"featured_media":1595,"comment_status":"open","ping_status":"closed","template":"","meta":[],"product_brand":[],"product_cat":[165,166,163],"product_tag":[],"class_list":{"0":"post-1592","1":"product","2":"type-product","3":"status-publish","4":"has-post-thumbnail","6":"product_cat-babyleksaker-leksaker","7":"product_cat-badleksaker-leksaker","8":"product_cat-uteleksaker","10":"first","11":"instock","12":"taxable","13":"shipping-taxable","14":"purchasable","15":"product-type-simple"},"_links":{"self":[{"href":"https:\/\/www.askurochembla.ax\/index.php?rest_route=\/wp\/v2\/product\/1592","targetHints":{"allow":["GET"]}}],"collection":[{"href":"https:\/\/www.askurochembla.ax\/index.php?rest_route=\/wp\/v2\/product"}],"about":[{"href":"https:\/\/www.askurochembla.ax\/index.php?rest_route=\/wp\/v2\/types\/product"}],"replies":[{"embeddable":true,"href":"https:\/\/www.askurochembla.ax\/index.php?rest_route=%2Fwp%2Fv2%2Fcomments&post=1592"}],"wp:featuredmedia":[{"embeddable":true,"href":"https:\/\/www.askurochembla.ax\/index.php?rest_route=\/wp\/v2\/media\/1595"}],"wp:attachment":[{"href":"https:\/\/www.askurochembla.ax\/index.php?rest_route=%2Fwp%2Fv2%2Fmedia&parent=1592"}],"wp:term":[{"taxonomy":"product_brand","embeddable":true,"href":"https:\/\/www.askurochembla.ax\/index.php?rest_route=%2Fwp%2Fv2%2Fproduct_brand&post=1592"},{"taxonomy":"product_cat","embeddable":true,"href":"https:\/\/www.askurochembla.ax\/index.php?rest_route=%2Fwp%2Fv2%2Fproduct_cat&post=1592"},{"taxonomy":"product_tag","embeddable":true,"href":"https:\/\/www.askurochembla.ax\/index.php?rest_route=%2Fwp%2Fv2%2Fproduct_tag&post=1592"}],"curies":[{"name":"wp","href":"https:\/\/api.w.org\/{rel}","templated":true}]}}