{"id":1718,"date":"2016-07-15T05:42:52","date_gmt":"2016-07-15T05:42:52","guid":{"rendered":"https:\/\/www.askurochembla.ax\/?post_type=product&#038;p=1718"},"modified":"2021-08-12T10:58:59","modified_gmt":"2021-08-12T10:58:59","slug":"ekologisk-bitring-i-tra","status":"publish","type":"product","link":"https:\/\/www.askurochembla.ax\/?product=ekologisk-bitring-i-tra","title":{"rendered":"Ekologisk bitring i tr\u00e4"},"content":{"rendered":"","protected":false},"excerpt":{"rendered":"<p>Helt ekologisk bitring i FSC certifierad tr\u00e4. Bitringen best\u00e5r av en tr\u00e4ring och fyra tr\u00e4bollar som sitter fasta p\u00e5 ringen. M\u00e5lad\u00a0med frukt- och v\u00e4xtbaserad f\u00e4rg.<\/p>\n<p>Storlek: 10 x 10 x 2cm<\/p>\n<p>Vikt: 0,03 kg<\/p>\n<p>3m +<\/p>\n","protected":false},"featured_media":1719,"comment_status":"open","ping_status":"closed","template":"","meta":[],"product_brand":[],"product_cat":[165,148],"product_tag":[],"class_list":{"0":"post-1718","1":"product","2":"type-product","3":"status-publish","4":"has-post-thumbnail","6":"product_cat-babyleksaker-leksaker","7":"product_cat-bitringar","9":"first","10":"instock","11":"taxable","12":"shipping-taxable","13":"purchasable","14":"product-type-simple"},"_links":{"self":[{"href":"https:\/\/www.askurochembla.ax\/index.php?rest_route=\/wp\/v2\/product\/1718","targetHints":{"allow":["GET"]}}],"collection":[{"href":"https:\/\/www.askurochembla.ax\/index.php?rest_route=\/wp\/v2\/product"}],"about":[{"href":"https:\/\/www.askurochembla.ax\/index.php?rest_route=\/wp\/v2\/types\/product"}],"replies":[{"embeddable":true,"href":"https:\/\/www.askurochembla.ax\/index.php?rest_route=%2Fwp%2Fv2%2Fcomments&post=1718"}],"wp:featuredmedia":[{"embeddable":true,"href":"https:\/\/www.askurochembla.ax\/index.php?rest_route=\/wp\/v2\/media\/1719"}],"wp:attachment":[{"href":"https:\/\/www.askurochembla.ax\/index.php?rest_route=%2Fwp%2Fv2%2Fmedia&parent=1718"}],"wp:term":[{"taxonomy":"product_brand","embeddable":true,"href":"https:\/\/www.askurochembla.ax\/index.php?rest_route=%2Fwp%2Fv2%2Fproduct_brand&post=1718"},{"taxonomy":"product_cat","embeddable":true,"href":"https:\/\/www.askurochembla.ax\/index.php?rest_route=%2Fwp%2Fv2%2Fproduct_cat&post=1718"},{"taxonomy":"product_tag","embeddable":true,"href":"https:\/\/www.askurochembla.ax\/index.php?rest_route=%2Fwp%2Fv2%2Fproduct_tag&post=1718"}],"curies":[{"name":"wp","href":"https:\/\/api.w.org\/{rel}","templated":true}]}}