{"id":1833,"date":"2017-04-11T07:59:36","date_gmt":"2017-04-11T07:59:36","guid":{"rendered":"https:\/\/www.askurochembla.ax\/?post_type=product&#038;p=1833"},"modified":"2023-12-05T21:55:58","modified_gmt":"2023-12-05T21:55:58","slug":"nawaro-fingerfarg-4-st-rod-gul-gron-och-bla","status":"publish","type":"product","link":"https:\/\/www.askurochembla.ax\/?product=nawaro-fingerfarg-4-st-rod-gul-gron-och-bla","title":{"rendered":"Nawaro fingerf\u00e4rg 4 st &#8211; r\u00f6d, gul, gr\u00f6n och bl\u00e5"},"content":{"rendered":"","protected":false},"excerpt":{"rendered":"<p>Fingerf\u00e4rg, set med fyra f\u00e4rger- r\u00f6d, gul, gr\u00f6n, bl\u00e5.<\/p>\n<p>Naturliga f\u00e4rger gjorda av f\u00f6rnyelsebart material. Kan anv\u00e4ndas f\u00f6r att m\u00e5la med fingrarna, pensel eller svamp p\u00e5 papper, glas, tr\u00e4 m.m. F\u00e4rgerna \u00e4r vattenl\u00f6sliga och tv\u00e4ttbara. Det r\u00e4cker med vanlig handtv\u00e4tt med tv\u00e5l f\u00f6r att f\u00e5 bort f\u00e4rgen fr\u00e5n h\u00e4nderna, och maskintv\u00e4tt f\u00f6r att f\u00e5 bort fr\u00e5n textilier. F\u00e4rgerna kan med f\u00f6rdel blandas med varandra.<\/p>\n<p>Ingredienser: naturliga livsmedel och livsmedelstillsatser, inklusive livsmedelsf\u00e4rg, renad krita och konserveringsmedlet fenoxyetanol (<em>eng<\/em>. phenoxyethanol) som f\u00f6rekommer i ekologiska produkter med dock \u00e4r ett syntetiskt \u00e4mne. Bitter\u00e4mnet (f\u00f6r att f\u00f6rhindra oavsiktlig konsumtion) \u00e4r denatoniumbensoat.<\/p>\n<p>Det ska allts\u00e5 noteras att det inte \u00e4r meningen att f\u00e4rgerna ska \u00e4tas!<\/p>\n","protected":false},"featured_media":1832,"comment_status":"open","ping_status":"closed","template":"","meta":[],"product_brand":[],"product_cat":[174],"product_tag":[],"class_list":{"0":"post-1833","1":"product","2":"type-product","3":"status-publish","4":"has-post-thumbnail","6":"product_cat-okonorm-farger-lera-och-kritor","8":"first","9":"instock","10":"taxable","11":"shipping-taxable","12":"purchasable","13":"product-type-simple"},"_links":{"self":[{"href":"https:\/\/www.askurochembla.ax\/index.php?rest_route=\/wp\/v2\/product\/1833","targetHints":{"allow":["GET"]}}],"collection":[{"href":"https:\/\/www.askurochembla.ax\/index.php?rest_route=\/wp\/v2\/product"}],"about":[{"href":"https:\/\/www.askurochembla.ax\/index.php?rest_route=\/wp\/v2\/types\/product"}],"replies":[{"embeddable":true,"href":"https:\/\/www.askurochembla.ax\/index.php?rest_route=%2Fwp%2Fv2%2Fcomments&post=1833"}],"wp:featuredmedia":[{"embeddable":true,"href":"https:\/\/www.askurochembla.ax\/index.php?rest_route=\/wp\/v2\/media\/1832"}],"wp:attachment":[{"href":"https:\/\/www.askurochembla.ax\/index.php?rest_route=%2Fwp%2Fv2%2Fmedia&parent=1833"}],"wp:term":[{"taxonomy":"product_brand","embeddable":true,"href":"https:\/\/www.askurochembla.ax\/index.php?rest_route=%2Fwp%2Fv2%2Fproduct_brand&post=1833"},{"taxonomy":"product_cat","embeddable":true,"href":"https:\/\/www.askurochembla.ax\/index.php?rest_route=%2Fwp%2Fv2%2Fproduct_cat&post=1833"},{"taxonomy":"product_tag","embeddable":true,"href":"https:\/\/www.askurochembla.ax\/index.php?rest_route=%2Fwp%2Fv2%2Fproduct_tag&post=1833"}],"curies":[{"name":"wp","href":"https:\/\/api.w.org\/{rel}","templated":true}]}}