{"id":1844,"date":"2017-04-12T07:18:15","date_gmt":"2017-04-12T07:18:15","guid":{"rendered":"https:\/\/www.askurochembla.ax\/?post_type=product&#038;p=1844"},"modified":"2021-08-16T12:49:14","modified_gmt":"2021-08-16T12:49:14","slug":"vattenfarg-6-farger","status":"publish","type":"product","link":"https:\/\/www.askurochembla.ax\/?product=vattenfarg-6-farger","title":{"rendered":"Vattenf\u00e4rg &#8211; 6 f\u00e4rger"},"content":{"rendered":"","protected":false},"excerpt":{"rendered":"<p>Vatten- och \u00e4ggf\u00e4rg, set med sex f\u00e4rger<\/p>\n<p>Den lilla f\u00f6rpackningen med vattenf\u00e4rger kan anv\u00e4ndas f\u00f6r att m\u00e5la p\u00e5 papper, kartong men ocks\u00e5 bruna eller vita \u00e4gg. Alla ingredienser motsvarar EU:s best\u00e4mmelser om m\u00e4rkning och dekoration av \u00e4gg samt f\u00f6ljer tyska Biolands riktlinjer f\u00f6r bearbetning av \u00e4gg. F\u00e4rgfl\u00e4ckar p\u00e5 huden tv\u00e4ttas bort med tv\u00e5l. Naturf\u00e4rger kan l\u00e4mna sp\u00e5r p\u00e5 textilier men g\u00e5r vanligtvis att tv\u00e4tta ur.<\/p>\n<p>Ingredienser: Kalciumkarbonat (vit kul\u00f6r), vegetabilisk st\u00e4rkelse, titandioxid (vit kul\u00f6r), glukos, kaliumsorbat (konserveringsmedel), glycerol. F\u00e4rger: \u00c4kta karmin (r\u00f6d kul\u00f6r), gurkmeja (gul kul\u00f6r), indigokarmin (bl\u00e5 kul\u00f6r), klorofyllin (gr\u00f6n kul\u00f6r).<\/p>\n<p>Notera\u00a0 f\u00e4rgen inte ska f\u00f6rt\u00e4ras och att barn under tre \u00e5r b\u00f6r \u00f6vervakas av en vuxen!<\/p>\n","protected":false},"featured_media":1847,"comment_status":"open","ping_status":"closed","template":"","meta":[],"product_brand":[],"product_cat":[174],"product_tag":[],"class_list":{"0":"post-1844","1":"product","2":"type-product","3":"status-publish","4":"has-post-thumbnail","6":"product_cat-okonorm-farger-lera-och-kritor","8":"first","9":"instock","10":"taxable","11":"shipping-taxable","12":"purchasable","13":"product-type-simple"},"_links":{"self":[{"href":"https:\/\/www.askurochembla.ax\/index.php?rest_route=\/wp\/v2\/product\/1844","targetHints":{"allow":["GET"]}}],"collection":[{"href":"https:\/\/www.askurochembla.ax\/index.php?rest_route=\/wp\/v2\/product"}],"about":[{"href":"https:\/\/www.askurochembla.ax\/index.php?rest_route=\/wp\/v2\/types\/product"}],"replies":[{"embeddable":true,"href":"https:\/\/www.askurochembla.ax\/index.php?rest_route=%2Fwp%2Fv2%2Fcomments&post=1844"}],"wp:featuredmedia":[{"embeddable":true,"href":"https:\/\/www.askurochembla.ax\/index.php?rest_route=\/wp\/v2\/media\/1847"}],"wp:attachment":[{"href":"https:\/\/www.askurochembla.ax\/index.php?rest_route=%2Fwp%2Fv2%2Fmedia&parent=1844"}],"wp:term":[{"taxonomy":"product_brand","embeddable":true,"href":"https:\/\/www.askurochembla.ax\/index.php?rest_route=%2Fwp%2Fv2%2Fproduct_brand&post=1844"},{"taxonomy":"product_cat","embeddable":true,"href":"https:\/\/www.askurochembla.ax\/index.php?rest_route=%2Fwp%2Fv2%2Fproduct_cat&post=1844"},{"taxonomy":"product_tag","embeddable":true,"href":"https:\/\/www.askurochembla.ax\/index.php?rest_route=%2Fwp%2Fv2%2Fproduct_tag&post=1844"}],"curies":[{"name":"wp","href":"https:\/\/api.w.org\/{rel}","templated":true}]}}