{"id":1883,"date":"2017-09-14T10:46:38","date_gmt":"2017-09-14T10:46:38","guid":{"rendered":"https:\/\/www.askurochembla.ax\/?post_type=product&#038;p=1883"},"modified":"2018-10-09T10:12:32","modified_gmt":"2018-10-09T10:12:32","slug":"hevea-bordsunderlagg","status":"publish","type":"product","link":"https:\/\/www.askurochembla.ax\/?product=hevea-bordsunderlagg","title":{"rendered":"Hevea Bordsunderl\u00e4gg"},"content":{"rendered":"","protected":false},"excerpt":{"rendered":"<p>Bordsunderl\u00e4gg fr\u00e5n Hevea i \u00a0100 % of\u00e4rgat och oblekt naturgummi.\u00a0Utan h\u00e5ligheter som samlar vatten och smuts och naturligtvis fri fr\u00e5n BPA, ftalater, PVC och syntet.\u00a0Sitter p\u00e5 plats med hj\u00e4lp av fyra sugkoppar.<\/p>\n<p>Storlek:\u00a035 \u00d7 22 cm<\/p>\n","protected":false},"featured_media":1877,"comment_status":"open","ping_status":"closed","template":"","meta":[],"product_brand":[],"product_cat":[175,177],"product_tag":[],"class_list":{"0":"post-1883","1":"product","2":"type-product","3":"status-publish","4":"has-post-thumbnail","6":"product_cat-bordsunderlagg","7":"product_cat-kok","9":"first","10":"instock","11":"taxable","12":"shipping-taxable","13":"purchasable","14":"product-type-simple"},"_links":{"self":[{"href":"https:\/\/www.askurochembla.ax\/index.php?rest_route=\/wp\/v2\/product\/1883","targetHints":{"allow":["GET"]}}],"collection":[{"href":"https:\/\/www.askurochembla.ax\/index.php?rest_route=\/wp\/v2\/product"}],"about":[{"href":"https:\/\/www.askurochembla.ax\/index.php?rest_route=\/wp\/v2\/types\/product"}],"replies":[{"embeddable":true,"href":"https:\/\/www.askurochembla.ax\/index.php?rest_route=%2Fwp%2Fv2%2Fcomments&post=1883"}],"wp:featuredmedia":[{"embeddable":true,"href":"https:\/\/www.askurochembla.ax\/index.php?rest_route=\/wp\/v2\/media\/1877"}],"wp:attachment":[{"href":"https:\/\/www.askurochembla.ax\/index.php?rest_route=%2Fwp%2Fv2%2Fmedia&parent=1883"}],"wp:term":[{"taxonomy":"product_brand","embeddable":true,"href":"https:\/\/www.askurochembla.ax\/index.php?rest_route=%2Fwp%2Fv2%2Fproduct_brand&post=1883"},{"taxonomy":"product_cat","embeddable":true,"href":"https:\/\/www.askurochembla.ax\/index.php?rest_route=%2Fwp%2Fv2%2Fproduct_cat&post=1883"},{"taxonomy":"product_tag","embeddable":true,"href":"https:\/\/www.askurochembla.ax\/index.php?rest_route=%2Fwp%2Fv2%2Fproduct_tag&post=1883"}],"curies":[{"name":"wp","href":"https:\/\/api.w.org\/{rel}","templated":true}]}}