{"id":1920,"date":"2017-11-22T10:11:53","date_gmt":"2017-11-22T10:11:53","guid":{"rendered":"https:\/\/www.askurochembla.ax\/?post_type=product&#038;p=1920"},"modified":"2023-11-08T00:03:31","modified_gmt":"2023-11-08T00:03:31","slug":"tallriksbricka-stor","status":"publish","type":"product","link":"https:\/\/www.askurochembla.ax\/?product=tallriksbricka-stor","title":{"rendered":"Tallriksbricka stor"},"content":{"rendered":"","protected":false},"excerpt":{"rendered":"<div class=\"description\">\n<p>En stor tallriksbricka med tre fack f\u00f6r enkel portionering av maten. Grym att ha med ute p\u00e5 picknicken, i b\u00e5ten eller husvagnen! Tillverkad av rostfritt st\u00e5l (201) och \u00e4r d\u00e4rf\u00f6r helt fri fr\u00e5n ftalater, BPA och andra hormonst\u00f6rande \u00e4mnen. Staplingsbar och diskmaskinss\u00e4ker.<\/p>\n<\/div>\n<div>F\u00e4rg:\u00a0<span class=\"color-text\">Rostfritt st\u00e5l<\/span><\/div>\n","protected":false},"featured_media":1923,"comment_status":"open","ping_status":"closed","template":"","meta":[],"product_brand":[],"product_cat":[176,177],"product_tag":[],"class_list":{"0":"post-1920","1":"product","2":"type-product","3":"status-publish","4":"has-post-thumbnail","6":"product_cat-ecolunchbox","7":"product_cat-kok","9":"first","10":"instock","11":"taxable","12":"shipping-taxable","13":"purchasable","14":"product-type-simple"},"_links":{"self":[{"href":"https:\/\/www.askurochembla.ax\/index.php?rest_route=\/wp\/v2\/product\/1920","targetHints":{"allow":["GET"]}}],"collection":[{"href":"https:\/\/www.askurochembla.ax\/index.php?rest_route=\/wp\/v2\/product"}],"about":[{"href":"https:\/\/www.askurochembla.ax\/index.php?rest_route=\/wp\/v2\/types\/product"}],"replies":[{"embeddable":true,"href":"https:\/\/www.askurochembla.ax\/index.php?rest_route=%2Fwp%2Fv2%2Fcomments&post=1920"}],"wp:featuredmedia":[{"embeddable":true,"href":"https:\/\/www.askurochembla.ax\/index.php?rest_route=\/wp\/v2\/media\/1923"}],"wp:attachment":[{"href":"https:\/\/www.askurochembla.ax\/index.php?rest_route=%2Fwp%2Fv2%2Fmedia&parent=1920"}],"wp:term":[{"taxonomy":"product_brand","embeddable":true,"href":"https:\/\/www.askurochembla.ax\/index.php?rest_route=%2Fwp%2Fv2%2Fproduct_brand&post=1920"},{"taxonomy":"product_cat","embeddable":true,"href":"https:\/\/www.askurochembla.ax\/index.php?rest_route=%2Fwp%2Fv2%2Fproduct_cat&post=1920"},{"taxonomy":"product_tag","embeddable":true,"href":"https:\/\/www.askurochembla.ax\/index.php?rest_route=%2Fwp%2Fv2%2Fproduct_tag&post=1920"}],"curies":[{"name":"wp","href":"https:\/\/api.w.org\/{rel}","templated":true}]}}