{"id":1961,"date":"2018-02-07T12:56:54","date_gmt":"2018-02-07T12:56:54","guid":{"rendered":"https:\/\/www.askurochembla.ax\/?post_type=product&#038;p=1961"},"modified":"2018-09-21T06:54:26","modified_gmt":"2018-09-21T06:54:26","slug":"naturgumminapp-anka-0-3-man-symmetrisk","status":"publish","type":"product","link":"https:\/\/www.askurochembla.ax\/?product=naturgumminapp-anka-0-3-man-symmetrisk","title":{"rendered":"Naturgumminapp anka 0-3 m\u00e5n (symmetrisk)"},"content":{"rendered":"","protected":false},"excerpt":{"rendered":"<p>Napp i 100 % naturgummi med ankformade h\u00e5l.\u00a0Symmetriskt\u00a0munstycke. Hevea Baby rekommenderar att nappen f\u00f6rst steriliseras genom kokning i fem minuter innan den tas i bruk. D\u00e5 naturgummi \u00e4r ett naturmaterial som \u00e5ldras b\u00f6r nappen bytas ut var 6-8 vecka. Fr\u00e5n\u00a00-3 m\u00e5nader.<\/p>\n","protected":false},"featured_media":1358,"comment_status":"open","ping_status":"closed","template":"","meta":[],"product_brand":[],"product_cat":[144],"product_tag":[],"class_list":{"0":"post-1961","1":"product","2":"type-product","3":"status-publish","4":"has-post-thumbnail","6":"product_cat-nappar","8":"first","9":"instock","10":"taxable","11":"shipping-taxable","12":"purchasable","13":"product-type-simple"},"_links":{"self":[{"href":"https:\/\/www.askurochembla.ax\/index.php?rest_route=\/wp\/v2\/product\/1961","targetHints":{"allow":["GET"]}}],"collection":[{"href":"https:\/\/www.askurochembla.ax\/index.php?rest_route=\/wp\/v2\/product"}],"about":[{"href":"https:\/\/www.askurochembla.ax\/index.php?rest_route=\/wp\/v2\/types\/product"}],"replies":[{"embeddable":true,"href":"https:\/\/www.askurochembla.ax\/index.php?rest_route=%2Fwp%2Fv2%2Fcomments&post=1961"}],"wp:featuredmedia":[{"embeddable":true,"href":"https:\/\/www.askurochembla.ax\/index.php?rest_route=\/wp\/v2\/media\/1358"}],"wp:attachment":[{"href":"https:\/\/www.askurochembla.ax\/index.php?rest_route=%2Fwp%2Fv2%2Fmedia&parent=1961"}],"wp:term":[{"taxonomy":"product_brand","embeddable":true,"href":"https:\/\/www.askurochembla.ax\/index.php?rest_route=%2Fwp%2Fv2%2Fproduct_brand&post=1961"},{"taxonomy":"product_cat","embeddable":true,"href":"https:\/\/www.askurochembla.ax\/index.php?rest_route=%2Fwp%2Fv2%2Fproduct_cat&post=1961"},{"taxonomy":"product_tag","embeddable":true,"href":"https:\/\/www.askurochembla.ax\/index.php?rest_route=%2Fwp%2Fv2%2Fproduct_tag&post=1961"}],"curies":[{"name":"wp","href":"https:\/\/api.w.org\/{rel}","templated":true}]}}