{"id":1982,"date":"2018-05-22T10:22:45","date_gmt":"2018-05-22T10:22:45","guid":{"rendered":"https:\/\/www.askurochembla.ax\/?post_type=product&#038;p=1982"},"modified":"2023-09-15T07:00:48","modified_gmt":"2023-09-15T07:00:48","slug":"hevea-rubberwood-badrumspall-vit","status":"publish","type":"product","link":"https:\/\/www.askurochembla.ax\/?product=hevea-rubberwood-badrumspall-vit","title":{"rendered":"Hevea Rubberwood badrumspall &#8211; vit"},"content":{"rendered":"","protected":false},"excerpt":{"rendered":"<p>Badrumspallen fr\u00e5n Hevea \u00e4r tillverkat av gummitr\u00e4d och naturgummi. Kombinationen av det starka gummitr\u00e4t och det halkfria naturgummit g\u00f6r att pallen \u00e4r b\u00e5de stabil och s\u00e4ker.<\/p>\n<p>Storlek:\u00a0H 22 x B 20 x L 35 cm.<\/p>\n<p>Vikt: 3 kg<\/p>\n","protected":false},"featured_media":1986,"comment_status":"open","ping_status":"closed","template":"","meta":[],"product_brand":[],"product_cat":[166,156,177],"product_tag":[],"class_list":{"0":"post-1982","1":"product","2":"type-product","3":"status-publish","4":"has-post-thumbnail","6":"product_cat-badleksaker-leksaker","7":"product_cat-badrumspall","8":"product_cat-kok","10":"first","11":"instock","12":"taxable","13":"shipping-taxable","14":"purchasable","15":"product-type-simple"},"_links":{"self":[{"href":"https:\/\/www.askurochembla.ax\/index.php?rest_route=\/wp\/v2\/product\/1982","targetHints":{"allow":["GET"]}}],"collection":[{"href":"https:\/\/www.askurochembla.ax\/index.php?rest_route=\/wp\/v2\/product"}],"about":[{"href":"https:\/\/www.askurochembla.ax\/index.php?rest_route=\/wp\/v2\/types\/product"}],"replies":[{"embeddable":true,"href":"https:\/\/www.askurochembla.ax\/index.php?rest_route=%2Fwp%2Fv2%2Fcomments&post=1982"}],"wp:featuredmedia":[{"embeddable":true,"href":"https:\/\/www.askurochembla.ax\/index.php?rest_route=\/wp\/v2\/media\/1986"}],"wp:attachment":[{"href":"https:\/\/www.askurochembla.ax\/index.php?rest_route=%2Fwp%2Fv2%2Fmedia&parent=1982"}],"wp:term":[{"taxonomy":"product_brand","embeddable":true,"href":"https:\/\/www.askurochembla.ax\/index.php?rest_route=%2Fwp%2Fv2%2Fproduct_brand&post=1982"},{"taxonomy":"product_cat","embeddable":true,"href":"https:\/\/www.askurochembla.ax\/index.php?rest_route=%2Fwp%2Fv2%2Fproduct_cat&post=1982"},{"taxonomy":"product_tag","embeddable":true,"href":"https:\/\/www.askurochembla.ax\/index.php?rest_route=%2Fwp%2Fv2%2Fproduct_tag&post=1982"}],"curies":[{"name":"wp","href":"https:\/\/api.w.org\/{rel}","templated":true}]}}