{"id":2027,"date":"2018-05-23T12:28:47","date_gmt":"2018-05-23T12:28:47","guid":{"rendered":"https:\/\/www.askurochembla.ax\/?post_type=product&#038;p=2027"},"modified":"2021-08-16T12:21:34","modified_gmt":"2021-08-16T12:21:34","slug":"nawaro-vaxkritor-block-12-st","status":"publish","type":"product","link":"https:\/\/www.askurochembla.ax\/?product=nawaro-vaxkritor-block-12-st","title":{"rendered":"Nawaro vaxkritor block &#8211; 12 st."},"content":{"rendered":"","protected":false},"excerpt":{"rendered":"<p>Naturliga vaxkritor tillverkade av bivax. Formade som en block och passar d\u00e4rf\u00f6r f\u00f6r b\u00e5de stora och sm\u00e5 h\u00e4nder.<\/p>\n<p><strong>F\u00e4rg:<\/strong>\u00a0\u00a0\u00a0R\u00f6d, gul, gr\u00f6n, bl\u00e5, brun svart, orange, rosa, beige, gr\u00f6n, ljusbl\u00e5 och lila.<\/p>\n<p>Ingredienser:\u00a0ekologiskt palmstearin, rent bivax (\u00f6ver 25%), renad kalk, lanolin (ullfett), kiseldioxid och ekologiska f\u00e4rgpigment.<\/p>\n","protected":false},"featured_media":2029,"comment_status":"open","ping_status":"closed","template":"","meta":[],"product_brand":[],"product_cat":[174],"product_tag":[],"class_list":{"0":"post-2027","1":"product","2":"type-product","3":"status-publish","4":"has-post-thumbnail","6":"product_cat-okonorm-farger-lera-och-kritor","8":"first","9":"instock","10":"taxable","11":"shipping-taxable","12":"purchasable","13":"product-type-simple"},"_links":{"self":[{"href":"https:\/\/www.askurochembla.ax\/index.php?rest_route=\/wp\/v2\/product\/2027","targetHints":{"allow":["GET"]}}],"collection":[{"href":"https:\/\/www.askurochembla.ax\/index.php?rest_route=\/wp\/v2\/product"}],"about":[{"href":"https:\/\/www.askurochembla.ax\/index.php?rest_route=\/wp\/v2\/types\/product"}],"replies":[{"embeddable":true,"href":"https:\/\/www.askurochembla.ax\/index.php?rest_route=%2Fwp%2Fv2%2Fcomments&post=2027"}],"wp:featuredmedia":[{"embeddable":true,"href":"https:\/\/www.askurochembla.ax\/index.php?rest_route=\/wp\/v2\/media\/2029"}],"wp:attachment":[{"href":"https:\/\/www.askurochembla.ax\/index.php?rest_route=%2Fwp%2Fv2%2Fmedia&parent=2027"}],"wp:term":[{"taxonomy":"product_brand","embeddable":true,"href":"https:\/\/www.askurochembla.ax\/index.php?rest_route=%2Fwp%2Fv2%2Fproduct_brand&post=2027"},{"taxonomy":"product_cat","embeddable":true,"href":"https:\/\/www.askurochembla.ax\/index.php?rest_route=%2Fwp%2Fv2%2Fproduct_cat&post=2027"},{"taxonomy":"product_tag","embeddable":true,"href":"https:\/\/www.askurochembla.ax\/index.php?rest_route=%2Fwp%2Fv2%2Fproduct_tag&post=2027"}],"curies":[{"name":"wp","href":"https:\/\/api.w.org\/{rel}","templated":true}]}}