{"id":2048,"date":"2018-07-04T11:39:04","date_gmt":"2018-07-04T11:39:04","guid":{"rendered":"https:\/\/www.askurochembla.ax\/?post_type=product&#038;p=2048"},"modified":"2021-08-12T11:35:03","modified_gmt":"2021-08-12T11:35:03","slug":"plantoys-bilar","status":"publish","type":"product","link":"https:\/\/www.askurochembla.ax\/?product=plantoys-bilar","title":{"rendered":"Plantoys bilar"},"content":{"rendered":"","protected":false},"excerpt":{"rendered":"<p>3 bilar fr\u00e5n plantoys. Bilarna \u00e4r tillverkade av gummitr\u00e4d och planwood.<\/p>\n<p>\u00c5lder: 3 \u00e5r och upp\u00e5t.<\/p>\n<p>PlanToys\u00ae g\u00f6rs fr\u00e5n gummitr\u00e4d som har slutat producera gummi. Tre \u00e5r innan tr\u00e4det avverkas slutar man g\u00f6dsla f\u00f6r att h\u00e5lla tr\u00e4et s\u00e5 rent som m\u00f6jligt. F\u00f6r att st\u00e4rka tr\u00e4et ugnstorkas det sedan utan tillsats av kemikalier. Man anv\u00e4nder ett formaldehydfritt lim och ekologiska f\u00e4rgpigment i en vattenbaserad f\u00e4rgningsprocess. I till\u00e4gg till massivt tr\u00e4 har Plan Toys ocks\u00e5 uppfunnit PlanWood\u00ae, av finf\u00f6rdelade r\u00f6tter och spill, som \u00e5stadkommer annorlunda former. Till broschyrer och f\u00f6rpackningar anv\u00e4nds \u00e5tervunnet papper och sojabl\u00e4ck.<br \/>\nAlla PlanToys\u00ae produkter g\u00e5r l\u00e4ngre \u00e4n internationella s\u00e4kerhetsstandarder kr\u00e4ver (inlusive EU:s EN 71). Ett h\u00e5llbart val p\u00e5 alla s\u00e4tt och vis, l\u00e4s g\u00e4rna mer p\u00e5\u00a0<a href=\"http:\/\/www.plantoys.com\/\" target=\"_blank\" rel=\"nofollow noopener noreferrer\">www.plantoys.com<\/a>!<\/p>\n","protected":false},"featured_media":2049,"comment_status":"open","ping_status":"closed","template":"","meta":[],"product_brand":[],"product_cat":[173],"product_tag":[],"class_list":{"0":"post-2048","1":"product","2":"type-product","3":"status-publish","4":"has-post-thumbnail","6":"product_cat-plan-toys-barnleksaker","8":"first","9":"instock","10":"taxable","11":"shipping-taxable","12":"purchasable","13":"product-type-simple"},"_links":{"self":[{"href":"https:\/\/www.askurochembla.ax\/index.php?rest_route=\/wp\/v2\/product\/2048","targetHints":{"allow":["GET"]}}],"collection":[{"href":"https:\/\/www.askurochembla.ax\/index.php?rest_route=\/wp\/v2\/product"}],"about":[{"href":"https:\/\/www.askurochembla.ax\/index.php?rest_route=\/wp\/v2\/types\/product"}],"replies":[{"embeddable":true,"href":"https:\/\/www.askurochembla.ax\/index.php?rest_route=%2Fwp%2Fv2%2Fcomments&post=2048"}],"wp:featuredmedia":[{"embeddable":true,"href":"https:\/\/www.askurochembla.ax\/index.php?rest_route=\/wp\/v2\/media\/2049"}],"wp:attachment":[{"href":"https:\/\/www.askurochembla.ax\/index.php?rest_route=%2Fwp%2Fv2%2Fmedia&parent=2048"}],"wp:term":[{"taxonomy":"product_brand","embeddable":true,"href":"https:\/\/www.askurochembla.ax\/index.php?rest_route=%2Fwp%2Fv2%2Fproduct_brand&post=2048"},{"taxonomy":"product_cat","embeddable":true,"href":"https:\/\/www.askurochembla.ax\/index.php?rest_route=%2Fwp%2Fv2%2Fproduct_cat&post=2048"},{"taxonomy":"product_tag","embeddable":true,"href":"https:\/\/www.askurochembla.ax\/index.php?rest_route=%2Fwp%2Fv2%2Fproduct_tag&post=2048"}],"curies":[{"name":"wp","href":"https:\/\/api.w.org\/{rel}","templated":true}]}}