{"id":2122,"date":"2019-10-01T11:27:04","date_gmt":"2019-10-01T11:27:04","guid":{"rendered":"https:\/\/www.askurochembla.ax\/?post_type=product&#038;p=2122"},"modified":"2023-12-05T21:55:57","modified_gmt":"2023-12-05T21:55:57","slug":"kawan-mini-rosa","status":"publish","type":"product","link":"https:\/\/www.askurochembla.ax\/?product=kawan-mini-rosa","title":{"rendered":"Kawan mini &#8211; rosa"},"content":{"rendered":"","protected":false},"excerpt":{"rendered":"<p>Kawan mini \u00e4r en mindre version av den popul\u00e4ra badankan.\u00a0\u201dKawan\u201d betyder v\u00e4n p\u00e5 malaijiska och blir ocks\u00e5 ditt barns v\u00e4n! Kawan mini kan anv\u00e4ndas som bad- och bitleksak. 100 %\u00a0 naturgummi och f\u00e4rgad med naturliga f\u00e4rgpigment fr\u00e5n v\u00e4xter. Utan h\u00e5ligheter som samlar vatten och smuts och naturligtvis fri fr\u00e5n BPA, ftalater, PVC och syntet!<\/p>\n","protected":false},"featured_media":2119,"comment_status":"open","ping_status":"closed","template":"","meta":[],"product_brand":[],"product_cat":[165,166,148,149],"product_tag":[],"class_list":{"0":"post-2122","1":"product","2":"type-product","3":"status-publish","4":"has-post-thumbnail","6":"product_cat-babyleksaker-leksaker","7":"product_cat-badleksaker-leksaker","8":"product_cat-bitringar","9":"product_cat-badleksaker","11":"first","12":"instock","13":"taxable","14":"shipping-taxable","15":"purchasable","16":"product-type-simple"},"_links":{"self":[{"href":"https:\/\/www.askurochembla.ax\/index.php?rest_route=\/wp\/v2\/product\/2122","targetHints":{"allow":["GET"]}}],"collection":[{"href":"https:\/\/www.askurochembla.ax\/index.php?rest_route=\/wp\/v2\/product"}],"about":[{"href":"https:\/\/www.askurochembla.ax\/index.php?rest_route=\/wp\/v2\/types\/product"}],"replies":[{"embeddable":true,"href":"https:\/\/www.askurochembla.ax\/index.php?rest_route=%2Fwp%2Fv2%2Fcomments&post=2122"}],"wp:featuredmedia":[{"embeddable":true,"href":"https:\/\/www.askurochembla.ax\/index.php?rest_route=\/wp\/v2\/media\/2119"}],"wp:attachment":[{"href":"https:\/\/www.askurochembla.ax\/index.php?rest_route=%2Fwp%2Fv2%2Fmedia&parent=2122"}],"wp:term":[{"taxonomy":"product_brand","embeddable":true,"href":"https:\/\/www.askurochembla.ax\/index.php?rest_route=%2Fwp%2Fv2%2Fproduct_brand&post=2122"},{"taxonomy":"product_cat","embeddable":true,"href":"https:\/\/www.askurochembla.ax\/index.php?rest_route=%2Fwp%2Fv2%2Fproduct_cat&post=2122"},{"taxonomy":"product_tag","embeddable":true,"href":"https:\/\/www.askurochembla.ax\/index.php?rest_route=%2Fwp%2Fv2%2Fproduct_tag&post=2122"}],"curies":[{"name":"wp","href":"https:\/\/api.w.org\/{rel}","templated":true}]}}