{"id":2162,"date":"2019-12-17T08:15:47","date_gmt":"2019-12-17T08:15:47","guid":{"rendered":"https:\/\/www.askurochembla.ax\/?product=naturgumminapp-0-3-man-anatomisk-vit"},"modified":"2021-08-05T07:34:13","modified_gmt":"2021-08-05T07:34:13","slug":"naturgumminapp-0-3-man-anatomisk-vit","status":"publish","type":"product","link":"https:\/\/www.askurochembla.ax\/?product=naturgumminapp-0-3-man-anatomisk-vit","title":{"rendered":"Naturgumminapp 0-3 m\u00e5n (anatomisk) vit"},"content":{"rendered":"","protected":false},"excerpt":{"rendered":"<p>Napp i 100 % naturgummi med blomformade h\u00e5l. Anatomiskt munstycke. Hevea Baby rekommenderar att nappen f\u00f6rst steriliseras genom kokning i fem minuter innan den tas i bruk. D\u00e5 naturgummi \u00e4r ett naturmaterial som \u00e5ldras b\u00f6r nappen bytas ut var 6-8 vecka.<\/p>\n<p>Fr\u00e5n 0-3 m\u00e5nader.<\/p>\n<p>Tillverkad i 100% naturgummi. F\u00e4rgad med mineralbaserade pigment. Fri fr\u00e5n BPA, ftalater, PVC och andra kemikalier.<\/p>\n","protected":false},"featured_media":2158,"comment_status":"open","ping_status":"closed","template":"","meta":[],"product_brand":[],"product_cat":[144],"product_tag":[],"class_list":{"0":"post-2162","1":"product","2":"type-product","3":"status-publish","4":"has-post-thumbnail","6":"product_cat-nappar","8":"first","9":"instock","10":"taxable","11":"shipping-taxable","12":"purchasable","13":"product-type-simple"},"_links":{"self":[{"href":"https:\/\/www.askurochembla.ax\/index.php?rest_route=\/wp\/v2\/product\/2162","targetHints":{"allow":["GET"]}}],"collection":[{"href":"https:\/\/www.askurochembla.ax\/index.php?rest_route=\/wp\/v2\/product"}],"about":[{"href":"https:\/\/www.askurochembla.ax\/index.php?rest_route=\/wp\/v2\/types\/product"}],"replies":[{"embeddable":true,"href":"https:\/\/www.askurochembla.ax\/index.php?rest_route=%2Fwp%2Fv2%2Fcomments&post=2162"}],"wp:featuredmedia":[{"embeddable":true,"href":"https:\/\/www.askurochembla.ax\/index.php?rest_route=\/wp\/v2\/media\/2158"}],"wp:attachment":[{"href":"https:\/\/www.askurochembla.ax\/index.php?rest_route=%2Fwp%2Fv2%2Fmedia&parent=2162"}],"wp:term":[{"taxonomy":"product_brand","embeddable":true,"href":"https:\/\/www.askurochembla.ax\/index.php?rest_route=%2Fwp%2Fv2%2Fproduct_brand&post=2162"},{"taxonomy":"product_cat","embeddable":true,"href":"https:\/\/www.askurochembla.ax\/index.php?rest_route=%2Fwp%2Fv2%2Fproduct_cat&post=2162"},{"taxonomy":"product_tag","embeddable":true,"href":"https:\/\/www.askurochembla.ax\/index.php?rest_route=%2Fwp%2Fv2%2Fproduct_tag&post=2162"}],"curies":[{"name":"wp","href":"https:\/\/api.w.org\/{rel}","templated":true}]}}