{"id":2267,"date":"2021-01-27T13:34:11","date_gmt":"2021-01-27T13:34:11","guid":{"rendered":"https:\/\/www.askurochembla.ax\/?post_type=product&#038;p=2267"},"modified":"2023-09-15T06:28:47","modified_gmt":"2023-09-15T06:28:47","slug":"baddmadrasskydd-moltonvav","status":"publish","type":"product","link":"https:\/\/www.askurochembla.ax\/?product=baddmadrasskydd-moltonvav","title":{"rendered":"B\u00e4ddmadrasskydd moltonv\u00e4v"},"content":{"rendered":"","protected":false},"excerpt":{"rendered":"<p>Madrasskydd av ren ekologisk bomull i s\u00e4rskilt tjock, absorberande dubbel moltonkvalitet med praktiska sp\u00e4nnband.<\/p>\n<p><b>F\u00e4rg:<\/b> Naturvit<br \/>\n<b>Material:<\/b>\u00a0100% ekologisk t\u00e4tv\u00e4vd bomullsflanell s k moltonv\u00e4v<br \/>\n<b>Tv\u00e4ttr\u00e5d:<\/b>\u00a0Maskintv\u00e4tt 40-60 grader. Str\u00e4ck ut kanterna noga efter tv\u00e4tt och l\u00e5t dropptorka. Krympm\u00e5n ing\u00e5r fr\u00e5n b\u00f6rjan.<br \/>\n<b>Certifiering:<\/b>\u00a0kbA<br \/>\n<b>Leverant\u00f6r:<\/b>\u00a0Prolana<\/p>\n<p>Produkten \u00e4r best\u00e4llningsvara.<\/p>\n","protected":false},"featured_media":2268,"comment_status":"open","ping_status":"closed","template":"","meta":[],"product_brand":[],"product_cat":[73],"product_tag":[],"class_list":{"0":"post-2267","1":"product","2":"type-product","3":"status-publish","4":"has-post-thumbnail","6":"product_cat-madrasskydd","7":"product_shipping_class-fast-pris-kuddar-barnsovrumsprodukter","8":"pa_t1-80x200cm","9":"pa_t1-90x200cm","10":"pa_t1-100x200cm","11":"pa_t1-120x200-cm-b-x-l","12":"pa_t1-140x200cm","13":"pa_t1-160x200cm","14":"pa_t1-180x200cm","15":"pa_t1-200x200cm","17":"first","18":"onbackorder","19":"taxable","20":"shipping-taxable","21":"purchasable","22":"product-type-variable"},"_links":{"self":[{"href":"https:\/\/www.askurochembla.ax\/index.php?rest_route=\/wp\/v2\/product\/2267","targetHints":{"allow":["GET"]}}],"collection":[{"href":"https:\/\/www.askurochembla.ax\/index.php?rest_route=\/wp\/v2\/product"}],"about":[{"href":"https:\/\/www.askurochembla.ax\/index.php?rest_route=\/wp\/v2\/types\/product"}],"replies":[{"embeddable":true,"href":"https:\/\/www.askurochembla.ax\/index.php?rest_route=%2Fwp%2Fv2%2Fcomments&post=2267"}],"wp:featuredmedia":[{"embeddable":true,"href":"https:\/\/www.askurochembla.ax\/index.php?rest_route=\/wp\/v2\/media\/2268"}],"wp:attachment":[{"href":"https:\/\/www.askurochembla.ax\/index.php?rest_route=%2Fwp%2Fv2%2Fmedia&parent=2267"}],"wp:term":[{"taxonomy":"product_brand","embeddable":true,"href":"https:\/\/www.askurochembla.ax\/index.php?rest_route=%2Fwp%2Fv2%2Fproduct_brand&post=2267"},{"taxonomy":"product_cat","embeddable":true,"href":"https:\/\/www.askurochembla.ax\/index.php?rest_route=%2Fwp%2Fv2%2Fproduct_cat&post=2267"},{"taxonomy":"product_tag","embeddable":true,"href":"https:\/\/www.askurochembla.ax\/index.php?rest_route=%2Fwp%2Fv2%2Fproduct_tag&post=2267"}],"curies":[{"name":"wp","href":"https:\/\/api.w.org\/{rel}","templated":true}]}}