{"id":2289,"date":"2021-04-22T07:57:54","date_gmt":"2021-04-22T07:57:54","guid":{"rendered":"https:\/\/www.askurochembla.ax\/?post_type=product&#038;p=2289"},"modified":"2021-04-23T12:25:09","modified_gmt":"2021-04-23T12:25:09","slug":"stapelbat-med-fiskar","status":"publish","type":"product","link":"https:\/\/www.askurochembla.ax\/?product=stapelbat-med-fiskar","title":{"rendered":"Stapelb\u00e5t med fiskar &#8211; pussel"},"content":{"rendered":"","protected":false},"excerpt":{"rendered":"<p>En klassisk stapelleksak formad som en segelb\u00e5t med fiskar som man staplar p\u00e5 masten f\u00f6r att bilda ett segel. Perfekt leksak f\u00f6r de mindre barnen som har b\u00f6rjat utveckla sin motorik.<\/p>\n<p>Delarna \u00e4r gjorda av h\u00f6gkvalitativt lindtr\u00e4d. 10 delar.<\/p>\n<p>Storlek: 16x7x21cm (lxbxh)<\/p>\n<p>Passar f\u00f6r barn fr\u00e5n 10 m\u00e5nader<\/p>\n","protected":false},"featured_media":2290,"comment_status":"open","ping_status":"closed","template":"","meta":[],"product_brand":[],"product_cat":[179],"product_tag":[],"class_list":{"0":"post-2289","1":"product","2":"type-product","3":"status-publish","4":"has-post-thumbnail","6":"product_cat-barnleksaker-1","8":"first","9":"instock","10":"taxable","11":"shipping-taxable","12":"purchasable","13":"product-type-simple"},"_links":{"self":[{"href":"https:\/\/www.askurochembla.ax\/index.php?rest_route=\/wp\/v2\/product\/2289","targetHints":{"allow":["GET"]}}],"collection":[{"href":"https:\/\/www.askurochembla.ax\/index.php?rest_route=\/wp\/v2\/product"}],"about":[{"href":"https:\/\/www.askurochembla.ax\/index.php?rest_route=\/wp\/v2\/types\/product"}],"replies":[{"embeddable":true,"href":"https:\/\/www.askurochembla.ax\/index.php?rest_route=%2Fwp%2Fv2%2Fcomments&post=2289"}],"wp:featuredmedia":[{"embeddable":true,"href":"https:\/\/www.askurochembla.ax\/index.php?rest_route=\/wp\/v2\/media\/2290"}],"wp:attachment":[{"href":"https:\/\/www.askurochembla.ax\/index.php?rest_route=%2Fwp%2Fv2%2Fmedia&parent=2289"}],"wp:term":[{"taxonomy":"product_brand","embeddable":true,"href":"https:\/\/www.askurochembla.ax\/index.php?rest_route=%2Fwp%2Fv2%2Fproduct_brand&post=2289"},{"taxonomy":"product_cat","embeddable":true,"href":"https:\/\/www.askurochembla.ax\/index.php?rest_route=%2Fwp%2Fv2%2Fproduct_cat&post=2289"},{"taxonomy":"product_tag","embeddable":true,"href":"https:\/\/www.askurochembla.ax\/index.php?rest_route=%2Fwp%2Fv2%2Fproduct_tag&post=2289"}],"curies":[{"name":"wp","href":"https:\/\/api.w.org\/{rel}","templated":true}]}}