{"id":2295,"date":"2021-04-22T08:44:00","date_gmt":"2021-04-22T08:44:00","guid":{"rendered":"https:\/\/www.askurochembla.ax\/?post_type=product&#038;p=2295"},"modified":"2021-11-02T11:59:09","modified_gmt":"2021-11-02T11:59:09","slug":"kanin-ljusbrun","status":"publish","type":"product","link":"https:\/\/www.askurochembla.ax\/?product=kanin-ljusbrun","title":{"rendered":"Kanin, ljusbrun"},"content":{"rendered":"","protected":false},"excerpt":{"rendered":"<p>Gulliga handgjorda filt figurer stoppade med ull.<\/p>\n<p>Komplettera med tr\u00e4staket\u00a0 och bygg din egen bondg\u00e5rd.<\/p>\n<p>Storlek: 6x3x6 cm<\/p>\n<p>Passar f\u00f6r barn fr\u00e5n 36 m\u00e5nader.<\/p>\n","protected":false},"featured_media":2293,"comment_status":"open","ping_status":"closed","template":"","meta":[],"product_brand":[],"product_cat":[181,180],"product_tag":[],"class_list":{"0":"post-2295","1":"product","2":"type-product","3":"status-publish","4":"has-post-thumbnail","6":"product_cat-barnleksaker-3","7":"product_cat-filtfigurer-1","9":"first","10":"instock","11":"taxable","12":"shipping-taxable","13":"purchasable","14":"product-type-simple"},"_links":{"self":[{"href":"https:\/\/www.askurochembla.ax\/index.php?rest_route=\/wp\/v2\/product\/2295","targetHints":{"allow":["GET"]}}],"collection":[{"href":"https:\/\/www.askurochembla.ax\/index.php?rest_route=\/wp\/v2\/product"}],"about":[{"href":"https:\/\/www.askurochembla.ax\/index.php?rest_route=\/wp\/v2\/types\/product"}],"replies":[{"embeddable":true,"href":"https:\/\/www.askurochembla.ax\/index.php?rest_route=%2Fwp%2Fv2%2Fcomments&post=2295"}],"wp:featuredmedia":[{"embeddable":true,"href":"https:\/\/www.askurochembla.ax\/index.php?rest_route=\/wp\/v2\/media\/2293"}],"wp:attachment":[{"href":"https:\/\/www.askurochembla.ax\/index.php?rest_route=%2Fwp%2Fv2%2Fmedia&parent=2295"}],"wp:term":[{"taxonomy":"product_brand","embeddable":true,"href":"https:\/\/www.askurochembla.ax\/index.php?rest_route=%2Fwp%2Fv2%2Fproduct_brand&post=2295"},{"taxonomy":"product_cat","embeddable":true,"href":"https:\/\/www.askurochembla.ax\/index.php?rest_route=%2Fwp%2Fv2%2Fproduct_cat&post=2295"},{"taxonomy":"product_tag","embeddable":true,"href":"https:\/\/www.askurochembla.ax\/index.php?rest_route=%2Fwp%2Fv2%2Fproduct_tag&post=2295"}],"curies":[{"name":"wp","href":"https:\/\/api.w.org\/{rel}","templated":true}]}}