{"id":2314,"date":"2021-04-22T11:28:25","date_gmt":"2021-04-22T11:28:25","guid":{"rendered":"https:\/\/www.askurochembla.ax\/?post_type=product&#038;p=2314"},"modified":"2022-05-21T00:08:36","modified_gmt":"2022-05-21T00:08:36","slug":"klatterrep","status":"publish","type":"product","link":"https:\/\/www.askurochembla.ax\/?product=klatterrep","title":{"rendered":"Kl\u00e4tterrep"},"content":{"rendered":"","protected":false},"excerpt":{"rendered":"<p>Kl\u00e4tterrep f\u00f6r tr\u00e4dg\u00e5rden.<\/p>\n<p>L\u00e4ngd: 200 cm<\/p>\n<p>Klarar upp till 100 kg.<\/p>\n<p>Passar f\u00f6r barn \u00f6ver 3 \u00e5r.<\/p>\n","protected":false},"featured_media":2315,"comment_status":"open","ping_status":"closed","template":"","meta":[],"product_brand":[],"product_cat":[181,163],"product_tag":[],"class_list":{"0":"post-2314","1":"product","2":"type-product","3":"status-publish","4":"has-post-thumbnail","6":"product_cat-barnleksaker-3","7":"product_cat-uteleksaker","9":"first","10":"instock","11":"taxable","12":"shipping-taxable","13":"purchasable","14":"product-type-simple"},"_links":{"self":[{"href":"https:\/\/www.askurochembla.ax\/index.php?rest_route=\/wp\/v2\/product\/2314","targetHints":{"allow":["GET"]}}],"collection":[{"href":"https:\/\/www.askurochembla.ax\/index.php?rest_route=\/wp\/v2\/product"}],"about":[{"href":"https:\/\/www.askurochembla.ax\/index.php?rest_route=\/wp\/v2\/types\/product"}],"replies":[{"embeddable":true,"href":"https:\/\/www.askurochembla.ax\/index.php?rest_route=%2Fwp%2Fv2%2Fcomments&post=2314"}],"wp:featuredmedia":[{"embeddable":true,"href":"https:\/\/www.askurochembla.ax\/index.php?rest_route=\/wp\/v2\/media\/2315"}],"wp:attachment":[{"href":"https:\/\/www.askurochembla.ax\/index.php?rest_route=%2Fwp%2Fv2%2Fmedia&parent=2314"}],"wp:term":[{"taxonomy":"product_brand","embeddable":true,"href":"https:\/\/www.askurochembla.ax\/index.php?rest_route=%2Fwp%2Fv2%2Fproduct_brand&post=2314"},{"taxonomy":"product_cat","embeddable":true,"href":"https:\/\/www.askurochembla.ax\/index.php?rest_route=%2Fwp%2Fv2%2Fproduct_cat&post=2314"},{"taxonomy":"product_tag","embeddable":true,"href":"https:\/\/www.askurochembla.ax\/index.php?rest_route=%2Fwp%2Fv2%2Fproduct_tag&post=2314"}],"curies":[{"name":"wp","href":"https:\/\/api.w.org\/{rel}","templated":true}]}}