{"id":2330,"date":"2021-04-23T12:21:14","date_gmt":"2021-04-23T12:21:14","guid":{"rendered":"https:\/\/www.askurochembla.ax\/?post_type=product&#038;p=2330"},"modified":"2021-04-23T12:21:14","modified_gmt":"2021-04-23T12:21:14","slug":"trasnurra-lejon","status":"publish","type":"product","link":"https:\/\/www.askurochembla.ax\/?product=trasnurra-lejon","title":{"rendered":"Tr\u00e4snurra &#8211; lejon"},"content":{"rendered":"","protected":false},"excerpt":{"rendered":"<p>Tr\u00e4snurra f\u00f6r de alla minsta. Snurran har rund botten och lejonets man \u00e4r gjord av filt tyg som g\u00f6r att barnen kan snabbt snurra den utan hj\u00e4lp fr\u00e5n vuxna.<\/p>\n<p>Diameter: 10cm<\/p>\n<p>Passar f\u00f6r barn fr\u00e5n 1 \u00e5r.<\/p>\n","protected":false},"featured_media":2332,"comment_status":"open","ping_status":"closed","template":"","meta":[],"product_brand":[],"product_cat":[179],"product_tag":[],"class_list":{"0":"post-2330","1":"product","2":"type-product","3":"status-publish","4":"has-post-thumbnail","6":"product_cat-barnleksaker-1","8":"first","9":"instock","10":"taxable","11":"shipping-taxable","12":"purchasable","13":"product-type-simple"},"_links":{"self":[{"href":"https:\/\/www.askurochembla.ax\/index.php?rest_route=\/wp\/v2\/product\/2330","targetHints":{"allow":["GET"]}}],"collection":[{"href":"https:\/\/www.askurochembla.ax\/index.php?rest_route=\/wp\/v2\/product"}],"about":[{"href":"https:\/\/www.askurochembla.ax\/index.php?rest_route=\/wp\/v2\/types\/product"}],"replies":[{"embeddable":true,"href":"https:\/\/www.askurochembla.ax\/index.php?rest_route=%2Fwp%2Fv2%2Fcomments&post=2330"}],"wp:featuredmedia":[{"embeddable":true,"href":"https:\/\/www.askurochembla.ax\/index.php?rest_route=\/wp\/v2\/media\/2332"}],"wp:attachment":[{"href":"https:\/\/www.askurochembla.ax\/index.php?rest_route=%2Fwp%2Fv2%2Fmedia&parent=2330"}],"wp:term":[{"taxonomy":"product_brand","embeddable":true,"href":"https:\/\/www.askurochembla.ax\/index.php?rest_route=%2Fwp%2Fv2%2Fproduct_brand&post=2330"},{"taxonomy":"product_cat","embeddable":true,"href":"https:\/\/www.askurochembla.ax\/index.php?rest_route=%2Fwp%2Fv2%2Fproduct_cat&post=2330"},{"taxonomy":"product_tag","embeddable":true,"href":"https:\/\/www.askurochembla.ax\/index.php?rest_route=%2Fwp%2Fv2%2Fproduct_tag&post=2330"}],"curies":[{"name":"wp","href":"https:\/\/api.w.org\/{rel}","templated":true}]}}