{"id":234,"date":"2013-11-08T14:46:24","date_gmt":"2013-11-08T14:46:24","guid":{"rendered":"https:\/\/www.askurochembla.ax\/?post_type=product&#038;p=234"},"modified":"2023-09-15T06:53:31","modified_gmt":"2023-09-15T06:53:31","slug":"samar-comfort-plus","status":"publish","type":"product","link":"https:\/\/www.askurochembla.ax\/?product=samar-comfort-plus","title":{"rendered":"Samar fast"},"content":{"rendered":"","protected":false},"excerpt":{"rendered":"<p>En tjock och bekv\u00e4m madrass f\u00f6r alla oavsett kroppsvikt. Kroppen f\u00e5r ett mjukt st\u00f6d n\u00e4r du r\u00f6r dig oavsett position. Vi rekommenderar att du anv\u00e4nder ett madrasskydd och en b\u00e4ddmadrass med denna madrass f\u00f6r att reglera temperaturen. K\u00e4rnan \u00e4r av 12 cm tjock naturummi som \u00e4r t\u00e4ckt med lammull eller bomull (vegansk). Samars \u00f6verdrag \u00e4r tillverkade av enkel dr\u00e4ll, avtagbart och tv\u00e4ttbart.<\/p>\n<p><b>K\u00e4rna:<\/b><br \/>\nK\u00e4rnstruktur: 3 x 2,5 cm naturgummi, 2 x 2,5 cm kokosgummi<\/p>\n<p><b>Total h\u00f6jd:<\/b><br \/>\nCa 15 cm<\/p>\n<p><b>\u00d6verdrag:<\/b><br \/>\nkan v\u00e4ljas mellan<br \/>\n\u2013 avtagbart dr\u00e4ll\u00f6verdrag + innerh\u00f6lje av bomullsvadd (ej avtagbart)<br \/>\n\u2013 avtagbart dr\u00e4ll\u00f6verdrag + innerh\u00f6lje av lammullsvadd (ej avtagbart)<\/p>\n<p><strong>Leveranstiden \u00e4r normalt mellan 6 och 8 veckor.<\/strong><\/p>\n","protected":false},"featured_media":2587,"comment_status":"open","ping_status":"closed","template":"","meta":[],"product_brand":[],"product_cat":[48],"product_tag":[],"class_list":{"0":"post-234","1":"product","2":"type-product","3":"status-publish","4":"has-post-thumbnail","6":"product_cat-naturgummikokos","7":"product_shipping_class-fastpris","8":"pa_h15cm-15x80x200","9":"pa_h15cm-15x90x200","10":"pa_h15cm-15x100x200","11":"pa_h15cm-15x140x200","12":"pa_h15cm-15x160x200","13":"pa_h15cm-15x180x200","14":"pa_h15cm-15x200x200","15":"pa_overdrag-ekobomull","16":"pa_overdrag-ekolammull","18":"first","19":"onbackorder","20":"taxable","21":"shipping-taxable","22":"purchasable","23":"product-type-variable"},"_links":{"self":[{"href":"https:\/\/www.askurochembla.ax\/index.php?rest_route=\/wp\/v2\/product\/234","targetHints":{"allow":["GET"]}}],"collection":[{"href":"https:\/\/www.askurochembla.ax\/index.php?rest_route=\/wp\/v2\/product"}],"about":[{"href":"https:\/\/www.askurochembla.ax\/index.php?rest_route=\/wp\/v2\/types\/product"}],"replies":[{"embeddable":true,"href":"https:\/\/www.askurochembla.ax\/index.php?rest_route=%2Fwp%2Fv2%2Fcomments&post=234"}],"wp:featuredmedia":[{"embeddable":true,"href":"https:\/\/www.askurochembla.ax\/index.php?rest_route=\/wp\/v2\/media\/2587"}],"wp:attachment":[{"href":"https:\/\/www.askurochembla.ax\/index.php?rest_route=%2Fwp%2Fv2%2Fmedia&parent=234"}],"wp:term":[{"taxonomy":"product_brand","embeddable":true,"href":"https:\/\/www.askurochembla.ax\/index.php?rest_route=%2Fwp%2Fv2%2Fproduct_brand&post=234"},{"taxonomy":"product_cat","embeddable":true,"href":"https:\/\/www.askurochembla.ax\/index.php?rest_route=%2Fwp%2Fv2%2Fproduct_cat&post=234"},{"taxonomy":"product_tag","embeddable":true,"href":"https:\/\/www.askurochembla.ax\/index.php?rest_route=%2Fwp%2Fv2%2Fproduct_tag&post=234"}],"curies":[{"name":"wp","href":"https:\/\/api.w.org\/{rel}","templated":true}]}}