{"id":2343,"date":"2021-04-26T08:05:28","date_gmt":"2021-04-26T08:05:28","guid":{"rendered":"https:\/\/www.askurochembla.ax\/?post_type=product&#038;p=2343"},"modified":"2021-11-02T11:55:18","modified_gmt":"2021-11-02T11:55:18","slug":"svan","status":"publish","type":"product","link":"https:\/\/www.askurochembla.ax\/?product=svan","title":{"rendered":"Svan"},"content":{"rendered":"","protected":false},"excerpt":{"rendered":"<p>Gulliga handgjorda filt figurer stoppade med ull.<\/p>\n<p>Komplettera med tr\u00e4staket\u00a0 och bygg din egen bondg\u00e5rd.<\/p>\n<p>Storlek: 8x3x7 cm<\/p>\n<p>Passar f\u00f6r barn fr\u00e5n 1 \u00e5r.<\/p>\n","protected":false},"featured_media":2344,"comment_status":"open","ping_status":"closed","template":"","meta":[],"product_brand":[],"product_cat":[179,181,180],"product_tag":[],"class_list":{"0":"post-2343","1":"product","2":"type-product","3":"status-publish","4":"has-post-thumbnail","6":"product_cat-barnleksaker-1","7":"product_cat-barnleksaker-3","8":"product_cat-filtfigurer-1","10":"first","11":"instock","12":"taxable","13":"shipping-taxable","14":"purchasable","15":"product-type-simple"},"_links":{"self":[{"href":"https:\/\/www.askurochembla.ax\/index.php?rest_route=\/wp\/v2\/product\/2343","targetHints":{"allow":["GET"]}}],"collection":[{"href":"https:\/\/www.askurochembla.ax\/index.php?rest_route=\/wp\/v2\/product"}],"about":[{"href":"https:\/\/www.askurochembla.ax\/index.php?rest_route=\/wp\/v2\/types\/product"}],"replies":[{"embeddable":true,"href":"https:\/\/www.askurochembla.ax\/index.php?rest_route=%2Fwp%2Fv2%2Fcomments&post=2343"}],"wp:featuredmedia":[{"embeddable":true,"href":"https:\/\/www.askurochembla.ax\/index.php?rest_route=\/wp\/v2\/media\/2344"}],"wp:attachment":[{"href":"https:\/\/www.askurochembla.ax\/index.php?rest_route=%2Fwp%2Fv2%2Fmedia&parent=2343"}],"wp:term":[{"taxonomy":"product_brand","embeddable":true,"href":"https:\/\/www.askurochembla.ax\/index.php?rest_route=%2Fwp%2Fv2%2Fproduct_brand&post=2343"},{"taxonomy":"product_cat","embeddable":true,"href":"https:\/\/www.askurochembla.ax\/index.php?rest_route=%2Fwp%2Fv2%2Fproduct_cat&post=2343"},{"taxonomy":"product_tag","embeddable":true,"href":"https:\/\/www.askurochembla.ax\/index.php?rest_route=%2Fwp%2Fv2%2Fproduct_tag&post=2343"}],"curies":[{"name":"wp","href":"https:\/\/api.w.org\/{rel}","templated":true}]}}