{"id":2365,"date":"2021-04-26T08:51:52","date_gmt":"2021-04-26T08:51:52","guid":{"rendered":"https:\/\/www.askurochembla.ax\/?post_type=product&#038;p=2365"},"modified":"2022-05-21T00:08:36","modified_gmt":"2022-05-21T00:08:36","slug":"blomsterpress","status":"publish","type":"product","link":"https:\/\/www.askurochembla.ax\/?product=blomsterpress","title":{"rendered":"Blomsterpress"},"content":{"rendered":"","protected":false},"excerpt":{"rendered":"<p>En j\u00e4ttefin blomsterpress av tr\u00e4 f\u00f6r den lilla natur\u00e4lskaren.\u00a0 Du l\u00e4gger blommor och blad mellan kartongbitarna som f\u00f6ljer med och v\u00e4ntar tills de torkad. Pressen har ett handtag f\u00f6r att enkelt dra \u00e5t den.<\/p>\n<p>Storlek 22*20 cm.<\/p>\n<p>Passar f\u00f6r barn \u00f6ver 3 \u00e5r.<\/p>\n","protected":false},"featured_media":2366,"comment_status":"open","ping_status":"closed","template":"","meta":[],"product_brand":[],"product_cat":[181,163],"product_tag":[],"class_list":{"0":"post-2365","1":"product","2":"type-product","3":"status-publish","4":"has-post-thumbnail","6":"product_cat-barnleksaker-3","7":"product_cat-uteleksaker","9":"first","10":"instock","11":"taxable","12":"shipping-taxable","13":"purchasable","14":"product-type-simple"},"_links":{"self":[{"href":"https:\/\/www.askurochembla.ax\/index.php?rest_route=\/wp\/v2\/product\/2365","targetHints":{"allow":["GET"]}}],"collection":[{"href":"https:\/\/www.askurochembla.ax\/index.php?rest_route=\/wp\/v2\/product"}],"about":[{"href":"https:\/\/www.askurochembla.ax\/index.php?rest_route=\/wp\/v2\/types\/product"}],"replies":[{"embeddable":true,"href":"https:\/\/www.askurochembla.ax\/index.php?rest_route=%2Fwp%2Fv2%2Fcomments&post=2365"}],"wp:featuredmedia":[{"embeddable":true,"href":"https:\/\/www.askurochembla.ax\/index.php?rest_route=\/wp\/v2\/media\/2366"}],"wp:attachment":[{"href":"https:\/\/www.askurochembla.ax\/index.php?rest_route=%2Fwp%2Fv2%2Fmedia&parent=2365"}],"wp:term":[{"taxonomy":"product_brand","embeddable":true,"href":"https:\/\/www.askurochembla.ax\/index.php?rest_route=%2Fwp%2Fv2%2Fproduct_brand&post=2365"},{"taxonomy":"product_cat","embeddable":true,"href":"https:\/\/www.askurochembla.ax\/index.php?rest_route=%2Fwp%2Fv2%2Fproduct_cat&post=2365"},{"taxonomy":"product_tag","embeddable":true,"href":"https:\/\/www.askurochembla.ax\/index.php?rest_route=%2Fwp%2Fv2%2Fproduct_tag&post=2365"}],"curies":[{"name":"wp","href":"https:\/\/api.w.org\/{rel}","templated":true}]}}