{"id":2378,"date":"2021-08-03T12:53:15","date_gmt":"2021-08-03T12:53:15","guid":{"rendered":"https:\/\/www.askurochembla.ax\/?post_type=product&#038;p=2378"},"modified":"2022-05-21T00:08:36","modified_gmt":"2022-05-21T00:08:36","slug":"hopprep-25m","status":"publish","type":"product","link":"https:\/\/www.askurochembla.ax\/?product=hopprep-25m","title":{"rendered":"Hopprep, 2,5m"},"content":{"rendered":"","protected":false},"excerpt":{"rendered":"<p>Bomullshopprep med tr\u00e4handtag. Tjockare p\u00e5 mitten som g\u00f6r att det sv\u00e4nger j\u00e4mnt och fint.<\/p>\n<p>L\u00e4ngd: 250 cm<\/p>\n<p>Passar f\u00f6r barn fr\u00e5n 3 \u00e5r.<\/p>\n","protected":false},"featured_media":2379,"comment_status":"open","ping_status":"closed","template":"","meta":[],"product_brand":[],"product_cat":[181,163],"product_tag":[],"class_list":{"0":"post-2378","1":"product","2":"type-product","3":"status-publish","4":"has-post-thumbnail","6":"product_cat-barnleksaker-3","7":"product_cat-uteleksaker","9":"first","10":"instock","11":"taxable","12":"shipping-taxable","13":"purchasable","14":"product-type-simple"},"_links":{"self":[{"href":"https:\/\/www.askurochembla.ax\/index.php?rest_route=\/wp\/v2\/product\/2378","targetHints":{"allow":["GET"]}}],"collection":[{"href":"https:\/\/www.askurochembla.ax\/index.php?rest_route=\/wp\/v2\/product"}],"about":[{"href":"https:\/\/www.askurochembla.ax\/index.php?rest_route=\/wp\/v2\/types\/product"}],"replies":[{"embeddable":true,"href":"https:\/\/www.askurochembla.ax\/index.php?rest_route=%2Fwp%2Fv2%2Fcomments&post=2378"}],"wp:featuredmedia":[{"embeddable":true,"href":"https:\/\/www.askurochembla.ax\/index.php?rest_route=\/wp\/v2\/media\/2379"}],"wp:attachment":[{"href":"https:\/\/www.askurochembla.ax\/index.php?rest_route=%2Fwp%2Fv2%2Fmedia&parent=2378"}],"wp:term":[{"taxonomy":"product_brand","embeddable":true,"href":"https:\/\/www.askurochembla.ax\/index.php?rest_route=%2Fwp%2Fv2%2Fproduct_brand&post=2378"},{"taxonomy":"product_cat","embeddable":true,"href":"https:\/\/www.askurochembla.ax\/index.php?rest_route=%2Fwp%2Fv2%2Fproduct_cat&post=2378"},{"taxonomy":"product_tag","embeddable":true,"href":"https:\/\/www.askurochembla.ax\/index.php?rest_route=%2Fwp%2Fv2%2Fproduct_tag&post=2378"}],"curies":[{"name":"wp","href":"https:\/\/api.w.org\/{rel}","templated":true}]}}