{"id":2762,"date":"2023-09-12T11:37:21","date_gmt":"2023-09-12T11:37:21","guid":{"rendered":"https:\/\/www.askurochembla.ax\/?post_type=product&#038;p=2762"},"modified":"2025-02-17T17:26:22","modified_gmt":"2025-02-17T17:26:22","slug":"sleep-line-medelfast","status":"publish","type":"product","link":"https:\/\/www.askurochembla.ax\/?product=sleep-line-medelfast","title":{"rendered":"Sleep Line medelfast"},"content":{"rendered":"","protected":false},"excerpt":{"rendered":"<p>Madrasserna i v\u00e5r serie Sleep-Line finns i fem olika fastheter. Den 15 cm h\u00f6ga k\u00e4rnan \u00e4r innesluten i ett quiltat \u00f6verdrag, vars \u00f6verdel kan tas bort (g\u00e4ller endast jersey-varianterna) och bytas ut med hj\u00e4lp av en dragkedja som l\u00f6per hela v\u00e4gen runt. Beroende p\u00e5 \u00e5rstid eller hur varm du k\u00e4nner dig kan du v\u00e4lja mellan ett toppskikt av lammull (fuktighetsreglerande), bomull (vegan), kamelull (s\u00e4rskilt varmt) eller silke (svalkande).<\/p>\n<p>Sleep Line\u00a0<b>medelfast<\/b>\u00a0passar personer som f\u00f6redrar att sova p\u00e5 mage eller rygg. Punktelastisk naturgummi p\u00e5 \u00f6ver- och undersidan, med ett lager av kokosgummi emellan, ger en fastare men samtidigt mer elastisk k\u00e4nsla p\u00e5 ytan.<\/p>\n<p>F\u00f6r de som vill ta av och tv\u00e4tta sitt madrass\u00f6verdrag finns madrassen med ett \u00f6verdrag av bomull eller lammull i ett tv\u00e4ttbart dr\u00e4ll-\u00f6verdrag. Dessa varianter har inte utbytbara toppskikt.<\/p>\n<p><b>Madrasstyp:<\/b><br \/>\nMjuk<\/p>\n<p><b>K\u00e4rna:<\/b><br \/>\n15 cm naturgummi (latex)<\/p>\n<p><b>Total h\u00f6jd:<\/b><br \/>\nCa 18 cm<\/p>\n<p><b>\u00d6verdrag:<\/b><br \/>\nLammull (fuktighetsreglerande)<\/p>\n<p>Bomull (vegan)<\/p>\n<p>Kamelull (s\u00e4rskilt varmt)<\/p>\n<p>Silke (svalkande)<\/p>\n<p><strong>Leveranstiden \u00e4r normalt mellan 6 och 8 veckor.<\/strong><\/p>\n","protected":false},"featured_media":2805,"comment_status":"open","ping_status":"closed","template":"","meta":[],"product_brand":[],"product_cat":[18],"product_tag":[],"class_list":{"0":"post-2762","1":"product","2":"type-product","3":"status-publish","4":"has-post-thumbnail","6":"product_cat-sleepline","7":"product_shipping_class-fastpris","8":"pa_h16cm-16x80x200","9":"pa_h16cm-16x90x200","10":"pa_h16cm-16x100x200","11":"pa_h16cm-16x140x200","12":"pa_h16cm-16x160x200","13":"pa_h16cm-16x180x200","14":"pa_h16cm-16x200x200","15":"pa_overdrag-bomullsquiltad-jersey-vegan","16":"pa_overdrag-bomilldrall","17":"pa_overdrag-kamelulljersey","18":"pa_overdrag-lammulljersey","19":"pa_overdrag-lammulldrall","20":"pa_overdrag-sidenjersey","22":"first","23":"onbackorder","24":"taxable","25":"shipping-taxable","26":"purchasable","27":"product-type-variable","28":"has-default-attributes"},"_links":{"self":[{"href":"https:\/\/www.askurochembla.ax\/index.php?rest_route=\/wp\/v2\/product\/2762","targetHints":{"allow":["GET"]}}],"collection":[{"href":"https:\/\/www.askurochembla.ax\/index.php?rest_route=\/wp\/v2\/product"}],"about":[{"href":"https:\/\/www.askurochembla.ax\/index.php?rest_route=\/wp\/v2\/types\/product"}],"replies":[{"embeddable":true,"href":"https:\/\/www.askurochembla.ax\/index.php?rest_route=%2Fwp%2Fv2%2Fcomments&post=2762"}],"wp:featuredmedia":[{"embeddable":true,"href":"https:\/\/www.askurochembla.ax\/index.php?rest_route=\/wp\/v2\/media\/2805"}],"wp:attachment":[{"href":"https:\/\/www.askurochembla.ax\/index.php?rest_route=%2Fwp%2Fv2%2Fmedia&parent=2762"}],"wp:term":[{"taxonomy":"product_brand","embeddable":true,"href":"https:\/\/www.askurochembla.ax\/index.php?rest_route=%2Fwp%2Fv2%2Fproduct_brand&post=2762"},{"taxonomy":"product_cat","embeddable":true,"href":"https:\/\/www.askurochembla.ax\/index.php?rest_route=%2Fwp%2Fv2%2Fproduct_cat&post=2762"},{"taxonomy":"product_tag","embeddable":true,"href":"https:\/\/www.askurochembla.ax\/index.php?rest_route=%2Fwp%2Fv2%2Fproduct_tag&post=2762"}],"curies":[{"name":"wp","href":"https:\/\/api.w.org\/{rel}","templated":true}]}}