{"id":417,"date":"2013-11-18T13:33:58","date_gmt":"2013-11-18T13:33:58","guid":{"rendered":"https:\/\/www.askurochembla.ax\/?post_type=product&#038;p=417"},"modified":"2023-09-15T06:53:03","modified_gmt":"2023-09-15T06:53:03","slug":"cesena-tjock-spannband","status":"publish","type":"product","link":"https:\/\/www.askurochembla.ax\/?product=cesena-tjock-spannband","title":{"rendered":"Cesena tjock, sp\u00e4nnband (lammull)"},"content":{"rendered":"","protected":false},"excerpt":{"rendered":"<p>B\u00e4ddmadrassen Cesena av ekologisk lammull \u00e4r varm och torr. \u00d6verdrag av rutquiltad 100% ekologisk bomullsjersey (kbA) och fylld med temperatur- och fuktighetsreglerande lammull. Sp\u00e4nnband f\u00e4ster b\u00e4ddmadrassen vid madrassen.<\/p>\n<p>Certifierad ekologisk bomull av GOTS. Lammull fr\u00e5n garanterat god djurh\u00e5llning, kbT. Produktionen \u00e4r certifierad av IVN. Alla produkter testas regelm\u00e4ssigt f\u00f6r inneh\u00e5ll av skadliga \u00e4mnen av ECO-institutet i Tyskland.<\/p>\n<p><b>Stoppning:<\/b><\/p>\n<p>80 x 200 cm: 1,600 g 100% ekologisk lammull (kbT)<br \/>\n90 x 200 cm: 1,800 g 100% ekologisk lammull (kbT)<br \/>\n100 x 200 cm: 2,000 g 100% ekologisk lammull (kbT)<br \/>\n140 x 200 cm: 2,800 g 100% ekologisk lammull (kbT)<b><br \/>\n<\/b>160 x 200 cm: 3,200 g 100% ekologisk lammull (kbT)<br \/>\n180 x 200 cm: 3,600 g 100% ekologisk lammull (kbT)<br \/>\n200 x 200 cm: 4,000 g 100% ekologisk lammull (kbT)<\/p>\n<p><b>\u00d6verdrag:<\/b><br \/>\nJersey av 100% ekologisk bomull (kbA)<\/p>\n<p><strong>Leveranstiden \u00e4r normalt mellan 6 och 8 veckor.<\/strong><\/p>\n","protected":false},"featured_media":405,"comment_status":"open","ping_status":"closed","template":"","meta":[],"product_brand":[],"product_cat":[62,63],"product_tag":[],"class_list":{"0":"post-417","1":"product","2":"type-product","3":"status-publish","4":"has-post-thumbnail","6":"product_cat-baddmadrasser","7":"product_cat-baddmadrass-i-lammull","8":"product_shipping_class-fastpris","9":"pa_t1-80x200cm","10":"pa_t1-90x200cm","11":"pa_t1-100x200cm","12":"pa_t1-140x200cm","13":"pa_t1-160x200cm","14":"pa_t1-180x200cm","15":"pa_t1-200x200cm","17":"first","18":"onbackorder","19":"taxable","20":"shipping-taxable","21":"purchasable","22":"product-type-variable","23":"has-default-attributes"},"_links":{"self":[{"href":"https:\/\/www.askurochembla.ax\/index.php?rest_route=\/wp\/v2\/product\/417","targetHints":{"allow":["GET"]}}],"collection":[{"href":"https:\/\/www.askurochembla.ax\/index.php?rest_route=\/wp\/v2\/product"}],"about":[{"href":"https:\/\/www.askurochembla.ax\/index.php?rest_route=\/wp\/v2\/types\/product"}],"replies":[{"embeddable":true,"href":"https:\/\/www.askurochembla.ax\/index.php?rest_route=%2Fwp%2Fv2%2Fcomments&post=417"}],"wp:featuredmedia":[{"embeddable":true,"href":"https:\/\/www.askurochembla.ax\/index.php?rest_route=\/wp\/v2\/media\/405"}],"wp:attachment":[{"href":"https:\/\/www.askurochembla.ax\/index.php?rest_route=%2Fwp%2Fv2%2Fmedia&parent=417"}],"wp:term":[{"taxonomy":"product_brand","embeddable":true,"href":"https:\/\/www.askurochembla.ax\/index.php?rest_route=%2Fwp%2Fv2%2Fproduct_brand&post=417"},{"taxonomy":"product_cat","embeddable":true,"href":"https:\/\/www.askurochembla.ax\/index.php?rest_route=%2Fwp%2Fv2%2Fproduct_cat&post=417"},{"taxonomy":"product_tag","embeddable":true,"href":"https:\/\/www.askurochembla.ax\/index.php?rest_route=%2Fwp%2Fv2%2Fproduct_tag&post=417"}],"curies":[{"name":"wp","href":"https:\/\/api.w.org\/{rel}","templated":true}]}}