{"id":477,"date":"2013-11-19T10:36:54","date_gmt":"2013-11-19T10:36:54","guid":{"rendered":"https:\/\/www.askurochembla.ax\/?post_type=product&#038;p=477"},"modified":"2023-09-15T06:52:20","modified_gmt":"2023-09-15T06:52:20","slug":"madrasskydd-skyddar-mot-tryck-fran-ribbotten","status":"publish","type":"product","link":"https:\/\/www.askurochembla.ax\/?product=madrasskydd-skyddar-mot-tryck-fran-ribbotten","title":{"rendered":"Madrasskydd som skyddar mot tryck fr\u00e5n ribbotten"},"content":{"rendered":"","protected":false},"excerpt":{"rendered":"<p>Madrasskyddet av 100% ekologisk lammull (kbT) har tv\u00e5 viktiga funktioner. Dels tar det upp fukt fr\u00e5n madrassen och avger det till rummet och dels utg\u00f6r det skydd mot att madrassen ska n\u00f6tas av ribborna i ribbotten och s\u00e4ngramen. Madrasskyddet placeras under madrassen p\u00e5 s\u00e4ngens ribbotten.<\/p>\n<p>Lammull fr\u00e5n garanterat god djurh\u00e5llning, kbT. Produktionen \u00e4r certifierad av IVN. Alla produkter testas regelm\u00e4ssigt f\u00f6r inneh\u00e5ll av skadliga \u00e4mnen av ECO-institutet i Tyskland.<\/p>\n","protected":false},"featured_media":476,"comment_status":"open","ping_status":"closed","template":"","meta":[],"product_brand":[],"product_cat":[73],"product_tag":[],"class_list":{"0":"post-477","1":"product","2":"type-product","3":"status-publish","4":"has-post-thumbnail","6":"product_cat-madrasskydd","7":"product_shipping_class-fast-pris-kuddar-barnsovrumsprodukter","8":"pa_t1-80x200cm","9":"pa_t1-90x200cm","10":"pa_t1-100x200cm","11":"pa_t1-140x200cm","12":"pa_t1-160x200cm","13":"pa_t1-180x200cm","14":"pa_t1-200x200cm","16":"first","17":"onbackorder","18":"taxable","19":"shipping-taxable","20":"purchasable","21":"product-type-variable","22":"has-default-attributes"},"_links":{"self":[{"href":"https:\/\/www.askurochembla.ax\/index.php?rest_route=\/wp\/v2\/product\/477","targetHints":{"allow":["GET"]}}],"collection":[{"href":"https:\/\/www.askurochembla.ax\/index.php?rest_route=\/wp\/v2\/product"}],"about":[{"href":"https:\/\/www.askurochembla.ax\/index.php?rest_route=\/wp\/v2\/types\/product"}],"replies":[{"embeddable":true,"href":"https:\/\/www.askurochembla.ax\/index.php?rest_route=%2Fwp%2Fv2%2Fcomments&post=477"}],"wp:featuredmedia":[{"embeddable":true,"href":"https:\/\/www.askurochembla.ax\/index.php?rest_route=\/wp\/v2\/media\/476"}],"wp:attachment":[{"href":"https:\/\/www.askurochembla.ax\/index.php?rest_route=%2Fwp%2Fv2%2Fmedia&parent=477"}],"wp:term":[{"taxonomy":"product_brand","embeddable":true,"href":"https:\/\/www.askurochembla.ax\/index.php?rest_route=%2Fwp%2Fv2%2Fproduct_brand&post=477"},{"taxonomy":"product_cat","embeddable":true,"href":"https:\/\/www.askurochembla.ax\/index.php?rest_route=%2Fwp%2Fv2%2Fproduct_cat&post=477"},{"taxonomy":"product_tag","embeddable":true,"href":"https:\/\/www.askurochembla.ax\/index.php?rest_route=%2Fwp%2Fv2%2Fproduct_tag&post=477"}],"curies":[{"name":"wp","href":"https:\/\/api.w.org\/{rel}","templated":true}]}}