{"id":524,"date":"2013-11-19T13:42:22","date_gmt":"2013-11-19T13:42:22","guid":{"rendered":"https:\/\/www.askurochembla.ax\/?post_type=product&#038;p=524"},"modified":"2024-01-23T07:36:37","modified_gmt":"2024-01-23T07:36:37","slug":"aretrunttacke-firenze","status":"publish","type":"product","link":"https:\/\/www.askurochembla.ax\/?product=aretrunttacke-firenze","title":{"rendered":"\u00c5retruntt\u00e4cke, Firenze"},"content":{"rendered":"","protected":false},"excerpt":{"rendered":"<p>T\u00e4cket Firenze best\u00e5r helt och h\u00e5llet av fr\u00e4sch ekologisk bomull (kbA). T\u00e4cket \u00e4r tv\u00e4ttbart i maskin och l\u00e4mpligt f\u00f6r den som \u00e4r allergisk mot djurh\u00e5r eller husdamm. Det fina bomulls\u00f6verdragt \u00e4r rutstoppat.<\/p>\n<p>Alla produkter i serien Firenze \u00e4r gjorda av ekologisk bomull utan djurh\u00e5r. De \u00e4r tillverkade med n\u00e5gra centimeters krympm\u00e5n eftersom bomull krymper i tv\u00e4tt.<\/p>\n<p>Certifierad ekologisk bomull av GOTS. Produktionen \u00e4r certifierad av IVN. Alla produkter testas regelm\u00e4ssigt f\u00f6r inneh\u00e5ll av skadliga \u00e4mnen av ECO-institutet i Tyskland.<\/p>\n<p><b>Quilt:<\/b><br \/>\nRutquiltning.<\/p>\n<p><b>Stoppning:<\/b><br \/>\nVadd av 100 % ekologisk bomull<\/p>\n<p><b>\u00d6verdrag:<\/b><br \/>\nFinperkal av 100% ekologisk bomull (kbA)<\/p>\n","protected":false},"featured_media":1222,"comment_status":"open","ping_status":"closed","template":"","meta":[],"product_brand":[],"product_cat":[80],"product_tag":[],"class_list":{"0":"post-524","1":"product","2":"type-product","3":"status-publish","4":"has-post-thumbnail","6":"product_cat-aretrunttacken","7":"product_shipping_class-fastpris","8":"pa_t2-135x200-cm-b-x-l","9":"pa_t2-150x200-cm-b-x-l","10":"pa_t2-155x200-cm-b-x-l","11":"pa_t2-155x220-cm-b-x-l","12":"pa_t2-200x220-cm-b-x-l","14":"first","15":"onbackorder","16":"taxable","17":"shipping-taxable","18":"purchasable","19":"product-type-variable","20":"has-default-attributes"},"_links":{"self":[{"href":"https:\/\/www.askurochembla.ax\/index.php?rest_route=\/wp\/v2\/product\/524","targetHints":{"allow":["GET"]}}],"collection":[{"href":"https:\/\/www.askurochembla.ax\/index.php?rest_route=\/wp\/v2\/product"}],"about":[{"href":"https:\/\/www.askurochembla.ax\/index.php?rest_route=\/wp\/v2\/types\/product"}],"replies":[{"embeddable":true,"href":"https:\/\/www.askurochembla.ax\/index.php?rest_route=%2Fwp%2Fv2%2Fcomments&post=524"}],"wp:featuredmedia":[{"embeddable":true,"href":"https:\/\/www.askurochembla.ax\/index.php?rest_route=\/wp\/v2\/media\/1222"}],"wp:attachment":[{"href":"https:\/\/www.askurochembla.ax\/index.php?rest_route=%2Fwp%2Fv2%2Fmedia&parent=524"}],"wp:term":[{"taxonomy":"product_brand","embeddable":true,"href":"https:\/\/www.askurochembla.ax\/index.php?rest_route=%2Fwp%2Fv2%2Fproduct_brand&post=524"},{"taxonomy":"product_cat","embeddable":true,"href":"https:\/\/www.askurochembla.ax\/index.php?rest_route=%2Fwp%2Fv2%2Fproduct_cat&post=524"},{"taxonomy":"product_tag","embeddable":true,"href":"https:\/\/www.askurochembla.ax\/index.php?rest_route=%2Fwp%2Fv2%2Fproduct_tag&post=524"}],"curies":[{"name":"wp","href":"https:\/\/api.w.org\/{rel}","templated":true}]}}