{"id":530,"date":"2013-11-19T13:45:33","date_gmt":"2013-11-19T13:45:33","guid":{"rendered":"https:\/\/www.askurochembla.ax\/?post_type=product&#038;p=530"},"modified":"2024-01-23T07:35:53","modified_gmt":"2024-01-23T07:35:53","slug":"aretrunttacke-sibari-satin","status":"publish","type":"product","link":"https:\/\/www.askurochembla.ax\/?product=aretrunttacke-sibari-satin","title":{"rendered":"\u00c5retruntt\u00e4cke, Sibari, satin"},"content":{"rendered":"","protected":false},"excerpt":{"rendered":"<p>Kamelull i satinv\u00e4v \u00e5ret runt! Det h\u00e4r t\u00e4cket \u00e4r\u00a0 gjort av luxu\u00f6st mjukt kamelh\u00e5r med ett mjukt \u00f6verdrag av satin. Mysigt och trivsamt under kallare \u00e5rstider och behagligt svalt under varmare \u00e5rstider.<\/p>\n<p>Certifierad ekologisk bomull av GOTS. Produktionen \u00e4r certifierad av IVN. Alla produkter testas regelm\u00e4ssigt f\u00f6r inneh\u00e5ll av skadliga \u00e4mnen av ECO-institutet i Tyskland.<\/p>\n<p><b>Quilt:<\/b><br \/>\nKomfortquilting<\/p>\n<p><b>Stoppning:<\/b><br \/>\n100% mjukt kamelh\u00e5r<\/p>\n<p><b>\u00d6verdrag:<\/b><br \/>\n100% ekologisk bomullssatin (kbA)<\/p>\n<p>&nbsp;<\/p>\n","protected":false},"featured_media":1221,"comment_status":"open","ping_status":"closed","template":"","meta":[],"product_brand":[],"product_cat":[80],"product_tag":[],"class_list":{"0":"post-530","1":"product","2":"type-product","3":"status-publish","4":"has-post-thumbnail","6":"product_cat-aretrunttacken","7":"product_shipping_class-fastpris","8":"pa_t2-135x200-cm-b-x-l","9":"pa_t2-150x200-cm-b-x-l","10":"pa_t2-155x200-cm-b-x-l","11":"pa_t2-200x220-cm-b-x-l","13":"first","14":"onbackorder","15":"taxable","16":"shipping-taxable","17":"purchasable","18":"product-type-variable","19":"has-default-attributes"},"_links":{"self":[{"href":"https:\/\/www.askurochembla.ax\/index.php?rest_route=\/wp\/v2\/product\/530","targetHints":{"allow":["GET"]}}],"collection":[{"href":"https:\/\/www.askurochembla.ax\/index.php?rest_route=\/wp\/v2\/product"}],"about":[{"href":"https:\/\/www.askurochembla.ax\/index.php?rest_route=\/wp\/v2\/types\/product"}],"replies":[{"embeddable":true,"href":"https:\/\/www.askurochembla.ax\/index.php?rest_route=%2Fwp%2Fv2%2Fcomments&post=530"}],"wp:featuredmedia":[{"embeddable":true,"href":"https:\/\/www.askurochembla.ax\/index.php?rest_route=\/wp\/v2\/media\/1221"}],"wp:attachment":[{"href":"https:\/\/www.askurochembla.ax\/index.php?rest_route=%2Fwp%2Fv2%2Fmedia&parent=530"}],"wp:term":[{"taxonomy":"product_brand","embeddable":true,"href":"https:\/\/www.askurochembla.ax\/index.php?rest_route=%2Fwp%2Fv2%2Fproduct_brand&post=530"},{"taxonomy":"product_cat","embeddable":true,"href":"https:\/\/www.askurochembla.ax\/index.php?rest_route=%2Fwp%2Fv2%2Fproduct_cat&post=530"},{"taxonomy":"product_tag","embeddable":true,"href":"https:\/\/www.askurochembla.ax\/index.php?rest_route=%2Fwp%2Fv2%2Fproduct_tag&post=530"}],"curies":[{"name":"wp","href":"https:\/\/api.w.org\/{rel}","templated":true}]}}