{"id":534,"date":"2013-11-19T13:47:36","date_gmt":"2013-11-19T13:47:36","guid":{"rendered":"https:\/\/www.askurochembla.ax\/?post_type=product&#038;p=534"},"modified":"2024-01-23T07:42:59","modified_gmt":"2024-01-23T07:42:59","slug":"aretrunttacke-siena-satin","status":"publish","type":"product","link":"https:\/\/www.askurochembla.ax\/?product=aretrunttacke-siena-satin","title":{"rendered":"\u00c5retruntt\u00e4cke, Siena, satin"},"content":{"rendered":"","protected":false},"excerpt":{"rendered":"<p>Rent vildsiden \u00e4r ett h\u00e4rligt och m\u00e5ngsidigt material. Siden tar upp och avger fukt men k\u00e4nns alltid torrt. Vildsident\u00e4cket Siena har ett \u00f6verdrag av finperkal.<\/p>\n<p>Certifierad ekologisk bomull av GOTS. Produktionen \u00e4r certifierad av IVN. Alla produkter testas regelm\u00e4ssigt f\u00f6r inneh\u00e5ll av skadliga \u00e4mnen av ECO-institutet i Tyskland.<\/p>\n<p><b>Quilt:<\/b><br \/>\nKomfortquilting<\/p>\n<p><b>Stoppning:<\/b><br \/>\nVildsiden (100%).<\/p>\n<p><b>\u00d6verdrag:<\/b><br \/>\n100% bomullsperkal (kbA)<\/p>\n<p>&nbsp;<\/p>\n","protected":false},"featured_media":1220,"comment_status":"open","ping_status":"closed","template":"","meta":[],"product_brand":[],"product_cat":[80],"product_tag":[],"class_list":{"0":"post-534","1":"product","2":"type-product","3":"status-publish","4":"has-post-thumbnail","6":"product_cat-aretrunttacken","7":"product_shipping_class-fastpris","8":"pa_t2-135x200-cm-b-x-l","9":"pa_t2-150x200-cm-b-x-l","10":"pa_t2-155x200-cm-b-x-l","11":"pa_t2-155x220-cm-b-x-l","12":"pa_t2-200x220-cm-b-x-l","14":"first","15":"onbackorder","16":"taxable","17":"shipping-taxable","18":"purchasable","19":"product-type-variable","20":"has-default-attributes"},"_links":{"self":[{"href":"https:\/\/www.askurochembla.ax\/index.php?rest_route=\/wp\/v2\/product\/534","targetHints":{"allow":["GET"]}}],"collection":[{"href":"https:\/\/www.askurochembla.ax\/index.php?rest_route=\/wp\/v2\/product"}],"about":[{"href":"https:\/\/www.askurochembla.ax\/index.php?rest_route=\/wp\/v2\/types\/product"}],"replies":[{"embeddable":true,"href":"https:\/\/www.askurochembla.ax\/index.php?rest_route=%2Fwp%2Fv2%2Fcomments&post=534"}],"wp:featuredmedia":[{"embeddable":true,"href":"https:\/\/www.askurochembla.ax\/index.php?rest_route=\/wp\/v2\/media\/1220"}],"wp:attachment":[{"href":"https:\/\/www.askurochembla.ax\/index.php?rest_route=%2Fwp%2Fv2%2Fmedia&parent=534"}],"wp:term":[{"taxonomy":"product_brand","embeddable":true,"href":"https:\/\/www.askurochembla.ax\/index.php?rest_route=%2Fwp%2Fv2%2Fproduct_brand&post=534"},{"taxonomy":"product_cat","embeddable":true,"href":"https:\/\/www.askurochembla.ax\/index.php?rest_route=%2Fwp%2Fv2%2Fproduct_cat&post=534"},{"taxonomy":"product_tag","embeddable":true,"href":"https:\/\/www.askurochembla.ax\/index.php?rest_route=%2Fwp%2Fv2%2Fproduct_tag&post=534"}],"curies":[{"name":"wp","href":"https:\/\/api.w.org\/{rel}","templated":true}]}}