{"id":540,"date":"2013-11-19T13:49:42","date_gmt":"2013-11-19T13:49:42","guid":{"rendered":"https:\/\/www.askurochembla.ax\/?post_type=product&#038;p=540"},"modified":"2023-09-13T11:35:33","modified_gmt":"2023-09-13T11:35:33","slug":"aretrunttacke-sondrio","status":"publish","type":"product","link":"https:\/\/www.askurochembla.ax\/?product=aretrunttacke-sondrio","title":{"rendered":"\u00c5retruntt\u00e4cke, Sondrio"},"content":{"rendered":"","protected":false},"excerpt":{"rendered":"<p>Pl\u00e4d eller l\u00e4tt t\u00e4cke av lockig lammullsflor kantad med bomullsband. Anv\u00e4nd Sondrio som myspl\u00e4d i soffan, som dagt\u00e4cke p\u00e5 s\u00e4ngen eller som extrat\u00e4cke under de riktigt kalla n\u00e4tterna.<\/p>\n<p>Certifierad ekologisk bomull av GOTS. Lammull fr\u00e5n garanterat god djurh\u00e5llning, kbT. Produktionen \u00e4r certifierad av IVN. Alla produkter testas regelm\u00e4ssigt f\u00f6r inneh\u00e5ll av skadliga \u00e4mnen av ECO-institutet i Tyskland.<\/p>\n","protected":false},"featured_media":1219,"comment_status":"open","ping_status":"closed","template":"","meta":[],"product_brand":[],"product_cat":[80],"product_tag":[],"class_list":{"0":"post-540","1":"product","2":"type-product","3":"status-publish","4":"has-post-thumbnail","6":"product_cat-aretrunttacken","7":"pa_t2-135x200-cm-b-x-l","8":"pa_t2-150x200-cm-b-x-l","9":"pa_t2-200x220-cm-b-x-l","11":"first","12":"outofstock","13":"taxable","14":"shipping-taxable","15":"product-type-variable","16":"has-default-attributes"},"_links":{"self":[{"href":"https:\/\/www.askurochembla.ax\/index.php?rest_route=\/wp\/v2\/product\/540","targetHints":{"allow":["GET"]}}],"collection":[{"href":"https:\/\/www.askurochembla.ax\/index.php?rest_route=\/wp\/v2\/product"}],"about":[{"href":"https:\/\/www.askurochembla.ax\/index.php?rest_route=\/wp\/v2\/types\/product"}],"replies":[{"embeddable":true,"href":"https:\/\/www.askurochembla.ax\/index.php?rest_route=%2Fwp%2Fv2%2Fcomments&post=540"}],"wp:featuredmedia":[{"embeddable":true,"href":"https:\/\/www.askurochembla.ax\/index.php?rest_route=\/wp\/v2\/media\/1219"}],"wp:attachment":[{"href":"https:\/\/www.askurochembla.ax\/index.php?rest_route=%2Fwp%2Fv2%2Fmedia&parent=540"}],"wp:term":[{"taxonomy":"product_brand","embeddable":true,"href":"https:\/\/www.askurochembla.ax\/index.php?rest_route=%2Fwp%2Fv2%2Fproduct_brand&post=540"},{"taxonomy":"product_cat","embeddable":true,"href":"https:\/\/www.askurochembla.ax\/index.php?rest_route=%2Fwp%2Fv2%2Fproduct_cat&post=540"},{"taxonomy":"product_tag","embeddable":true,"href":"https:\/\/www.askurochembla.ax\/index.php?rest_route=%2Fwp%2Fv2%2Fproduct_tag&post=540"}],"curies":[{"name":"wp","href":"https:\/\/api.w.org\/{rel}","templated":true}]}}