{"id":550,"date":"2013-11-19T14:05:18","date_gmt":"2013-11-19T14:05:18","guid":{"rendered":"https:\/\/www.askurochembla.ax\/?post_type=product&#038;p=550"},"modified":"2024-01-23T07:42:03","modified_gmt":"2024-01-23T07:42:03","slug":"kombitacke-cesenacesena","status":"publish","type":"product","link":"https:\/\/www.askurochembla.ax\/?product=kombitacke-cesenacesena","title":{"rendered":"Kombit\u00e4cke, Teramo"},"content":{"rendered":"","protected":false},"excerpt":{"rendered":"<p>Komit\u00e4cket best\u00e5r av tv\u00e5 t\u00e4cken som b\u00e5da \u00e4r stoppade med ekologisk lammull men med olika m\u00e4ngd stoppning. Det l\u00e4ttare t\u00e4cket ger ett sk\u00f6nt sovklimat under varma sommarn\u00e4tter och det n\u00e5got tyngre t\u00e4cket v\u00e4rmer gott under v\u00e5r och h\u00f6st. Sammanknutna h\u00e5ller de tillsammans borta vinterkylan och skapar ett sk\u00f6nt och tryggt sovklimat.<\/p>\n<p>Certifierad ekologisk bomull av GOTS. Lammull fr\u00e5n garanterat god djurh\u00e5llning, kbT. Produktionen \u00e4r certifierad av IVN. Alla produkter testas regelm\u00e4ssigt f\u00f6r inneh\u00e5ll av skadliga \u00e4mnen av ECO-institutet i Tyskland.<\/p>\n<p><b> Quilit:<\/b><br \/>\nRutquiltning<\/p>\n<p><b>Stoppning:<\/b><br \/>\n100% ekologisk lammull (kbT)<\/p>\n<p><b>\u00d6verdrag:<\/b><br \/>\n100% ekologisk bomullsjersey (kbA)<\/p>\n<p>&nbsp;<\/p>\n","protected":false},"featured_media":1227,"comment_status":"open","ping_status":"closed","template":"","meta":[],"product_brand":[],"product_cat":[82],"product_tag":[],"class_list":{"0":"post-550","1":"product","2":"type-product","3":"status-publish","4":"has-post-thumbnail","6":"product_cat-kombitacken","7":"product_shipping_class-fastpris","8":"pa_t2-135x200-cm-b-x-l","9":"pa_t2-150x200-cm-b-x-l","10":"pa_t2-155x200-cm-b-x-l","11":"pa_t2-200x220-cm-b-x-l","13":"first","14":"onbackorder","15":"taxable","16":"shipping-taxable","17":"purchasable","18":"product-type-variable"},"_links":{"self":[{"href":"https:\/\/www.askurochembla.ax\/index.php?rest_route=\/wp\/v2\/product\/550","targetHints":{"allow":["GET"]}}],"collection":[{"href":"https:\/\/www.askurochembla.ax\/index.php?rest_route=\/wp\/v2\/product"}],"about":[{"href":"https:\/\/www.askurochembla.ax\/index.php?rest_route=\/wp\/v2\/types\/product"}],"replies":[{"embeddable":true,"href":"https:\/\/www.askurochembla.ax\/index.php?rest_route=%2Fwp%2Fv2%2Fcomments&post=550"}],"wp:featuredmedia":[{"embeddable":true,"href":"https:\/\/www.askurochembla.ax\/index.php?rest_route=\/wp\/v2\/media\/1227"}],"wp:attachment":[{"href":"https:\/\/www.askurochembla.ax\/index.php?rest_route=%2Fwp%2Fv2%2Fmedia&parent=550"}],"wp:term":[{"taxonomy":"product_brand","embeddable":true,"href":"https:\/\/www.askurochembla.ax\/index.php?rest_route=%2Fwp%2Fv2%2Fproduct_brand&post=550"},{"taxonomy":"product_cat","embeddable":true,"href":"https:\/\/www.askurochembla.ax\/index.php?rest_route=%2Fwp%2Fv2%2Fproduct_cat&post=550"},{"taxonomy":"product_tag","embeddable":true,"href":"https:\/\/www.askurochembla.ax\/index.php?rest_route=%2Fwp%2Fv2%2Fproduct_tag&post=550"}],"curies":[{"name":"wp","href":"https:\/\/api.w.org\/{rel}","templated":true}]}}