{"id":553,"date":"2013-11-19T14:10:57","date_gmt":"2013-11-19T14:10:57","guid":{"rendered":"https:\/\/www.askurochembla.ax\/?post_type=product&#038;p=553"},"modified":"2024-01-23T07:41:27","modified_gmt":"2024-01-23T07:41:27","slug":"kombitacke-firenzefirenze","status":"publish","type":"product","link":"https:\/\/www.askurochembla.ax\/?product=kombitacke-firenzefirenze","title":{"rendered":"Kombit\u00e4cke, Firenze"},"content":{"rendered":"","protected":false},"excerpt":{"rendered":"<p>Kombinationst\u00e4cket Firenze best\u00e5r av tv\u00e5 bomullsfyllda t\u00e4cken med olika tjocklek som ger ett torrt och lite svalare sovklimat. Under sommaren anv\u00e4nder du bara det ena t\u00e4cket och n\u00e4r klimatet blir kallare knyter du ihop de b\u00e5da till ett dubbelt t\u00e4cke. Firenze \u00e4r l\u00e4mpligt f\u00f6r den som blir v\u00e4ldigt varm p\u00e5 n\u00e4tterna eller f\u00f6r den som \u00e4r allergisk mot djurh\u00e5r eller husdamm. Rutvaddering h\u00e5ller stoppningen p\u00e5 plats.<\/p>\n<p>Alla produkter i serien Firenze \u00e4r gjorda av ekologisk bomull utan djurh\u00e5r. De \u00e4r tillverkade med n\u00e5gra centimeters krympm\u00e5n eftersom bomull krymper i tv\u00e4tt.<\/p>\n<p>Certifierad ekologisk bomull av GOTS. Produktionen \u00e4r certifierad av IVN. Alla produkter testas regelm\u00e4ssigt f\u00f6r inneh\u00e5ll av skadliga \u00e4mnen av ECO-institutet i Tyskland.<\/p>\n<p><b>\u00d6verdrag:<\/b><br \/>\n100% ekologisk bomull (kbA)<\/p>\n<p><b>Stoppning:<\/b><br \/>\nVadd av ekologisk bomull (kbA) fr\u00e5n 1600 g\/800 g.<\/p>\n","protected":false},"featured_media":1222,"comment_status":"open","ping_status":"closed","template":"","meta":[],"product_brand":[],"product_cat":[82],"product_tag":[],"class_list":{"0":"post-553","1":"product","2":"type-product","3":"status-publish","4":"has-post-thumbnail","6":"product_cat-kombitacken","7":"product_shipping_class-fastpris","8":"pa_t2-135x200-cm-b-x-l","9":"pa_t2-150x200-cm-b-x-l","10":"pa_t2-155x200-cm-b-x-l","11":"pa_t2-200x220-cm-b-x-l","13":"first","14":"onbackorder","15":"taxable","16":"shipping-taxable","17":"purchasable","18":"product-type-variable","19":"has-default-attributes"},"_links":{"self":[{"href":"https:\/\/www.askurochembla.ax\/index.php?rest_route=\/wp\/v2\/product\/553","targetHints":{"allow":["GET"]}}],"collection":[{"href":"https:\/\/www.askurochembla.ax\/index.php?rest_route=\/wp\/v2\/product"}],"about":[{"href":"https:\/\/www.askurochembla.ax\/index.php?rest_route=\/wp\/v2\/types\/product"}],"replies":[{"embeddable":true,"href":"https:\/\/www.askurochembla.ax\/index.php?rest_route=%2Fwp%2Fv2%2Fcomments&post=553"}],"wp:featuredmedia":[{"embeddable":true,"href":"https:\/\/www.askurochembla.ax\/index.php?rest_route=\/wp\/v2\/media\/1222"}],"wp:attachment":[{"href":"https:\/\/www.askurochembla.ax\/index.php?rest_route=%2Fwp%2Fv2%2Fmedia&parent=553"}],"wp:term":[{"taxonomy":"product_brand","embeddable":true,"href":"https:\/\/www.askurochembla.ax\/index.php?rest_route=%2Fwp%2Fv2%2Fproduct_brand&post=553"},{"taxonomy":"product_cat","embeddable":true,"href":"https:\/\/www.askurochembla.ax\/index.php?rest_route=%2Fwp%2Fv2%2Fproduct_cat&post=553"},{"taxonomy":"product_tag","embeddable":true,"href":"https:\/\/www.askurochembla.ax\/index.php?rest_route=%2Fwp%2Fv2%2Fproduct_tag&post=553"}],"curies":[{"name":"wp","href":"https:\/\/api.w.org\/{rel}","templated":true}]}}