{"id":563,"date":"2013-11-19T14:16:00","date_gmt":"2013-11-19T14:16:00","guid":{"rendered":"https:\/\/www.askurochembla.ax\/?post_type=product&#038;p=563"},"modified":"2023-09-13T11:46:52","modified_gmt":"2023-09-13T11:46:52","slug":"kombitacke-teramosiena-satin","status":"publish","type":"product","link":"https:\/\/www.askurochembla.ax\/?product=kombitacke-teramosiena-satin","title":{"rendered":"Kombit\u00e4cke, Teramo\/Siena, satin"},"content":{"rendered":"","protected":false},"excerpt":{"rendered":"<p>Med det h\u00e4r kombinationst\u00e4cket \u00e4r du f\u00f6rberedd p\u00e5 alla v\u00e4derlekar och \u00e5rstider! Under sommaren \u00e4r Siena svalt med stoppning av 100% vildsiden. Under v\u00e5r och h\u00f6st v\u00e4rmer Teramo med ren fin ekologisk lammull och p\u00e5 vintern knyter du ihop de b\u00e5da t\u00e4ckena till ett varmt vintert\u00e4cke.<\/p>\n<p>Certifierad ekologisk bomull av GOTS. Lammull fr\u00e5n garanterat god djurh\u00e5llning, kbT. Produktionen \u00e4r certifierad av IVN. Alla produkter testas regelm\u00e4ssigt f\u00f6r inneh\u00e5ll av skadliga \u00e4mnen av ECO-institutet i Tyskland.<\/p>\n<p><b>Quilt:<\/b><br \/>\nKomfortquilting<\/p>\n<p><b>Stoppning:<\/b><br \/>\n800 g vildsiden (100%)\/1600 g 100% ekologisk lammull (kbT)<\/p>\n<p><b>\u00d6verdrag:<\/b><br \/>\nSatin av 100% ekologisk bomull (kbA)<\/p>\n","protected":false},"featured_media":1215,"comment_status":"open","ping_status":"closed","template":"","meta":[],"product_brand":[],"product_cat":[82],"product_tag":[],"class_list":{"0":"post-563","1":"product","2":"type-product","3":"status-publish","4":"has-post-thumbnail","6":"product_cat-kombitacken","7":"pa_t2-135x200-cm-b-x-l","8":"pa_t2-150x200-cm-b-x-l","10":"first","11":"outofstock","12":"taxable","13":"shipping-taxable","14":"product-type-variable","15":"has-default-attributes"},"_links":{"self":[{"href":"https:\/\/www.askurochembla.ax\/index.php?rest_route=\/wp\/v2\/product\/563","targetHints":{"allow":["GET"]}}],"collection":[{"href":"https:\/\/www.askurochembla.ax\/index.php?rest_route=\/wp\/v2\/product"}],"about":[{"href":"https:\/\/www.askurochembla.ax\/index.php?rest_route=\/wp\/v2\/types\/product"}],"replies":[{"embeddable":true,"href":"https:\/\/www.askurochembla.ax\/index.php?rest_route=%2Fwp%2Fv2%2Fcomments&post=563"}],"wp:featuredmedia":[{"embeddable":true,"href":"https:\/\/www.askurochembla.ax\/index.php?rest_route=\/wp\/v2\/media\/1215"}],"wp:attachment":[{"href":"https:\/\/www.askurochembla.ax\/index.php?rest_route=%2Fwp%2Fv2%2Fmedia&parent=563"}],"wp:term":[{"taxonomy":"product_brand","embeddable":true,"href":"https:\/\/www.askurochembla.ax\/index.php?rest_route=%2Fwp%2Fv2%2Fproduct_brand&post=563"},{"taxonomy":"product_cat","embeddable":true,"href":"https:\/\/www.askurochembla.ax\/index.php?rest_route=%2Fwp%2Fv2%2Fproduct_cat&post=563"},{"taxonomy":"product_tag","embeddable":true,"href":"https:\/\/www.askurochembla.ax\/index.php?rest_route=%2Fwp%2Fv2%2Fproduct_tag&post=563"}],"curies":[{"name":"wp","href":"https:\/\/api.w.org\/{rel}","templated":true}]}}