{"id":570,"date":"2013-11-20T12:26:49","date_gmt":"2013-11-20T12:26:49","guid":{"rendered":"https:\/\/www.askurochembla.ax\/?post_type=product&#038;p=570"},"modified":"2023-09-15T06:32:41","modified_gmt":"2023-09-15T06:32:41","slug":"stoppad-kudde-bomullsstoppat-overdrag-bomullsflies","status":"publish","type":"product","link":"https:\/\/www.askurochembla.ax\/?product=stoppad-kudde-bomullsstoppat-overdrag-bomullsflies","title":{"rendered":"Kudde med bomullsstoppat \u00f6verdrag"},"content":{"rendered":"","protected":false},"excerpt":{"rendered":"<p>Den tv\u00e4ttbara versionen av den klassiska kudden \u00e4r av ekologisk bomull. Stoppningen best\u00e5r av mjuk bomullsvadd. Kuddfodralet \u00e4r gjort av h\u00e5llbar v\u00e4vd bomull. Dess platta form \u00e4r idealisk f\u00f6r personer som sover p\u00e5 mage eller rygg. Eftersom den inte inneh\u00e5ller n\u00e5got djurh\u00e5r \u00e4r den s\u00e4rskilt passande f\u00f6r personer med allergier. Quiltat stoppat maskintv\u00e4ttbart \u00f6verdrag med krympm\u00e5n.<\/p>\n<p>Ta ut innerkudden innan du tv\u00e4ttar \u00f6verdraget och tv\u00e4tta det f\u00f6r hand utan centrifugering s\u00e5 att inte fyllningen krymper ihop till en boll.<\/p>\n<p>Str\u00e4ck b\u00e5de \u00f6verdrag och innerkudde efter tv\u00e4tt. Bomull \u00e4r ett naturmaterial som krymper!<\/p>\n<p>Kudden syns till h\u00f6ger p\u00e5 bilden.<\/p>\n<p>Certifierad ekologisk bomull av GOTS. Produktionen \u00e4r certifierad av IVN. Alla produkter testas regelm\u00e4ssigt f\u00f6r inneh\u00e5ll av skadliga \u00e4mnen av ECO-institutet i Tyskland.<\/p>\n<p><b>\u00d6verdrag:<\/b><\/p>\n<p>Quiltat kuddfodral av ekologisk bomullssatin, stoppat med ekologisk bomull eller kammullskulor.<\/p>\n<p><b>Stoppning:<\/b><br \/>\n100 % ekologisk bomull (kbA)<\/p>\n<p><strong>Leveranstid:<\/strong><\/p>\n<p>Mellan 4 och 6 veckor.<\/p>\n","protected":false},"featured_media":1293,"comment_status":"open","ping_status":"closed","template":"","meta":[],"product_brand":[],"product_cat":[84],"product_tag":[],"class_list":{"0":"post-570","1":"product","2":"type-product","3":"status-publish","4":"has-post-thumbnail","6":"product_cat-kuddar-med-bomull","7":"product_shipping_class-fast-pris-kuddar-barnsovrumsprodukter","8":"pa_k1-40x60-cm-b-x-l","9":"pa_k1-40x80-cm-b-x-l","10":"pa_k1-80x80-cm-b-x-l","11":"pa_k1-60x50-cm-b-x-l","13":"first","14":"onbackorder","15":"taxable","16":"shipping-taxable","17":"purchasable","18":"product-type-variable","19":"has-default-attributes"},"_links":{"self":[{"href":"https:\/\/www.askurochembla.ax\/index.php?rest_route=\/wp\/v2\/product\/570","targetHints":{"allow":["GET"]}}],"collection":[{"href":"https:\/\/www.askurochembla.ax\/index.php?rest_route=\/wp\/v2\/product"}],"about":[{"href":"https:\/\/www.askurochembla.ax\/index.php?rest_route=\/wp\/v2\/types\/product"}],"replies":[{"embeddable":true,"href":"https:\/\/www.askurochembla.ax\/index.php?rest_route=%2Fwp%2Fv2%2Fcomments&post=570"}],"wp:featuredmedia":[{"embeddable":true,"href":"https:\/\/www.askurochembla.ax\/index.php?rest_route=\/wp\/v2\/media\/1293"}],"wp:attachment":[{"href":"https:\/\/www.askurochembla.ax\/index.php?rest_route=%2Fwp%2Fv2%2Fmedia&parent=570"}],"wp:term":[{"taxonomy":"product_brand","embeddable":true,"href":"https:\/\/www.askurochembla.ax\/index.php?rest_route=%2Fwp%2Fv2%2Fproduct_brand&post=570"},{"taxonomy":"product_cat","embeddable":true,"href":"https:\/\/www.askurochembla.ax\/index.php?rest_route=%2Fwp%2Fv2%2Fproduct_cat&post=570"},{"taxonomy":"product_tag","embeddable":true,"href":"https:\/\/www.askurochembla.ax\/index.php?rest_route=%2Fwp%2Fv2%2Fproduct_tag&post=570"}],"curies":[{"name":"wp","href":"https:\/\/api.w.org\/{rel}","templated":true}]}}