{"id":579,"date":"2013-11-20T12:33:51","date_gmt":"2013-11-20T12:33:51","guid":{"rendered":"https:\/\/www.askurochembla.ax\/?post_type=product&#038;p=579"},"modified":"2023-09-15T06:59:17","modified_gmt":"2023-09-15T06:59:17","slug":"amningskuddeavslappningskudde-dinkelkli","status":"publish","type":"product","link":"https:\/\/www.askurochembla.ax\/?product=amningskuddeavslappningskudde-dinkelkli","title":{"rendered":"Amnings- och avslappningskudde med dinkelkli"},"content":{"rendered":"","protected":false},"excerpt":{"rendered":"<p>En l\u00e5ng kudde formad som en orm fylld med l\u00e4tt och sp\u00e4nstigt ekologiskt dinkelkli.\u00a0 Den kan vara kudde eller nackst\u00f6d \u00e5t hela familjen samtidigt eller sidoskydd i barnets s\u00e4ng. Den fungerar ocks\u00e5 bra som st\u00f6dkudde under graviditet eller som st\u00f6d och avlastning vid amning.<\/p>\n<p>Innerkudden \u00e4r f\u00f6rsedd med blixtl\u00e5s s\u00e5 att du kan v\u00e4lja hur mycket stoppning kudden ska ha. Det h\u00e4r \u00e4r sj\u00e4lva kudden utan \u00f6verdrag. \u00d6verdrag k\u00f6per du separat. Till kudden som \u00e4r 130 cm l\u00e5ng finns \u00f6verdrag i enf\u00e4rgat naturvit eller ljusbl\u00e5 eko-bomull.<\/p>\n<p>Certifierad ekologisk bomull av GOTS. Produktionen \u00e4r certifierad av IVN. Alla produkter testas regelm\u00e4ssigt f\u00f6r inneh\u00e5ll av skadliga \u00e4mnen av ECO-institutet i Tyskland.<\/p>\n<p><b>Innerkudde:<\/b><br \/>\n100% ekologisk bomull (kbA)<\/p>\n<p><b>Stoppning:<\/b><br \/>\n100% ekologisk dinkelkli\/husk (kbA)<\/p>\n<p><strong>Leveranstid:<\/strong><\/p>\n<p>Mellan 4 och 6 veckor.<\/p>\n","protected":false},"featured_media":1242,"comment_status":"open","ping_status":"closed","template":"","meta":[],"product_brand":[],"product_cat":[88,124,146],"product_tag":[],"class_list":{"0":"post-579","1":"product","2":"type-product","3":"status-publish","4":"has-post-thumbnail","6":"product_cat-kuddar-med-sad-eller-karnor","7":"product_cat-kuddar-sovrum-barn","8":"product_cat-amnings-och-avslappningskudde","9":"product_shipping_class-fast-pris-kuddar-barnsovrumsprodukter","10":"pa_k1-20x130-cm-b-x-l","11":"pa_k1-20x190-cm-b-x-l","13":"first","14":"onbackorder","15":"taxable","16":"shipping-taxable","17":"purchasable","18":"product-type-variable","19":"has-default-attributes"},"_links":{"self":[{"href":"https:\/\/www.askurochembla.ax\/index.php?rest_route=\/wp\/v2\/product\/579","targetHints":{"allow":["GET"]}}],"collection":[{"href":"https:\/\/www.askurochembla.ax\/index.php?rest_route=\/wp\/v2\/product"}],"about":[{"href":"https:\/\/www.askurochembla.ax\/index.php?rest_route=\/wp\/v2\/types\/product"}],"replies":[{"embeddable":true,"href":"https:\/\/www.askurochembla.ax\/index.php?rest_route=%2Fwp%2Fv2%2Fcomments&post=579"}],"wp:featuredmedia":[{"embeddable":true,"href":"https:\/\/www.askurochembla.ax\/index.php?rest_route=\/wp\/v2\/media\/1242"}],"wp:attachment":[{"href":"https:\/\/www.askurochembla.ax\/index.php?rest_route=%2Fwp%2Fv2%2Fmedia&parent=579"}],"wp:term":[{"taxonomy":"product_brand","embeddable":true,"href":"https:\/\/www.askurochembla.ax\/index.php?rest_route=%2Fwp%2Fv2%2Fproduct_brand&post=579"},{"taxonomy":"product_cat","embeddable":true,"href":"https:\/\/www.askurochembla.ax\/index.php?rest_route=%2Fwp%2Fv2%2Fproduct_cat&post=579"},{"taxonomy":"product_tag","embeddable":true,"href":"https:\/\/www.askurochembla.ax\/index.php?rest_route=%2Fwp%2Fv2%2Fproduct_tag&post=579"}],"curies":[{"name":"wp","href":"https:\/\/api.w.org\/{rel}","templated":true}]}}