{"id":584,"date":"2013-11-20T12:36:13","date_gmt":"2013-11-20T12:36:13","guid":{"rendered":"https:\/\/www.askurochembla.ax\/?post_type=product&#038;p=584"},"modified":"2023-09-15T06:32:06","modified_gmt":"2023-09-15T06:32:06","slug":"kudde-dinkel","status":"publish","type":"product","link":"https:\/\/www.askurochembla.ax\/?product=kudde-dinkel","title":{"rendered":"Kudde med dinkel"},"content":{"rendered":"","protected":false},"excerpt":{"rendered":"<p>Dinkelkli \u00e4r elastiskt och masserar mjukt huden och bidrar d\u00e4rmed till blodcirkulationen. Dinkel kan h\u00e5lla mycket v\u00e4rme s\u00e5 att kudden h\u00e5ller sig varm och kan \u00e4ven\u00a0 hantera fukt. \u00d6verdrag av bomull med blixtl\u00e5s s\u00e5 att du kan v\u00e4lja m\u00e4ngden stoppning sj\u00e4lv.<\/p>\n<p>Certifierad ekologisk bomull av GOTS. Produktionen \u00e4r certifierad av IVN. Alla produkter testas regelm\u00e4ssigt f\u00f6r inneh\u00e5ll av skadliga \u00e4mnen av ECO-institutet i Tyskland.<\/p>\n<p><b>\u00d6verdrag:<\/b><br \/>\n100% ekologisk bomull (kbA)<\/p>\n<p><b>Stoppning:<\/b><br \/>\n40 x 60 cm: 1,500 g ekologiskt dinkelkli\/spelt (kbA)<br \/>\n40 x 80 cm: 2,000 g ekologiskt dinkelkli\/spelt (kbA)<\/p>\n<p>Leveranstid:<\/p>\n<p>Mellan 4 och 6 veckor.<\/p>\n","protected":false},"featured_media":1298,"comment_status":"open","ping_status":"closed","template":"","meta":[],"product_brand":[],"product_cat":[88],"product_tag":[],"class_list":{"0":"post-584","1":"product","2":"type-product","3":"status-publish","4":"has-post-thumbnail","6":"product_cat-kuddar-med-sad-eller-karnor","7":"product_shipping_class-fast-pris-kuddar-barnsovrumsprodukter","8":"pa_k1-40x60-cm-b-x-l","9":"pa_k1-40x80-cm-b-x-l","11":"first","12":"onbackorder","13":"taxable","14":"shipping-taxable","15":"purchasable","16":"product-type-variable"},"_links":{"self":[{"href":"https:\/\/www.askurochembla.ax\/index.php?rest_route=\/wp\/v2\/product\/584","targetHints":{"allow":["GET"]}}],"collection":[{"href":"https:\/\/www.askurochembla.ax\/index.php?rest_route=\/wp\/v2\/product"}],"about":[{"href":"https:\/\/www.askurochembla.ax\/index.php?rest_route=\/wp\/v2\/types\/product"}],"replies":[{"embeddable":true,"href":"https:\/\/www.askurochembla.ax\/index.php?rest_route=%2Fwp%2Fv2%2Fcomments&post=584"}],"wp:featuredmedia":[{"embeddable":true,"href":"https:\/\/www.askurochembla.ax\/index.php?rest_route=\/wp\/v2\/media\/1298"}],"wp:attachment":[{"href":"https:\/\/www.askurochembla.ax\/index.php?rest_route=%2Fwp%2Fv2%2Fmedia&parent=584"}],"wp:term":[{"taxonomy":"product_brand","embeddable":true,"href":"https:\/\/www.askurochembla.ax\/index.php?rest_route=%2Fwp%2Fv2%2Fproduct_brand&post=584"},{"taxonomy":"product_cat","embeddable":true,"href":"https:\/\/www.askurochembla.ax\/index.php?rest_route=%2Fwp%2Fv2%2Fproduct_cat&post=584"},{"taxonomy":"product_tag","embeddable":true,"href":"https:\/\/www.askurochembla.ax\/index.php?rest_route=%2Fwp%2Fv2%2Fproduct_tag&post=584"}],"curies":[{"name":"wp","href":"https:\/\/api.w.org\/{rel}","templated":true}]}}